{"id":543,"date":"2023-12-13T15:42:12","date_gmt":"2023-12-13T18:42:12","guid":{"rendered":"https:\/\/grupodisal.com.ar\/?page_id=543"},"modified":"2025-02-14T14:26:02","modified_gmt":"2025-02-14T17:26:02","slug":"contacto","status":"publish","type":"page","link":"https:\/\/grupodisal.com.ar\/en\/contacto\/","title":{"rendered":"Contact us"},"content":{"rendered":"\t\t<div data-elementor-type=\"wp-page\" data-elementor-id=\"543\" class=\"elementor elementor-543\">\n\t\t\t\t\t\t<section class=\"elementor-section elementor-top-section elementor-element elementor-element-7c89838d elementor-section-stretched elementor-section-height-min-height elementor-section-boxed elementor-section-height-default elementor-section-items-middle\" data-id=\"7c89838d\" data-element_type=\"section\" data-e-type=\"section\" data-settings=\"{&quot;stretch_section&quot;:&quot;section-stretched&quot;,&quot;background_background&quot;:&quot;classic&quot;}\">\n\t\t\t\t\t\t\t<div class=\"elementor-background-overlay\"><\/div>\n\t\t\t\t\t\t\t<div class=\"elementor-container elementor-column-gap-default\">\n\t\t\t\t\t<div class=\"aux-parallax-section elementor-column elementor-col-100 elementor-top-column elementor-element elementor-element-4ff32ae\" data-id=\"4ff32ae\" data-element_type=\"column\" data-e-type=\"column\">\n\t\t\t<div class=\"elementor-widget-wrap\">\n\t\t\t\t\t\t\t<\/div>\n\t\t<\/div>\n\t\t\t\t\t<\/div>\n\t\t<\/section>\n\t\t\t\t<section class=\"elementor-section elementor-top-section elementor-element elementor-element-69dbe22f elementor-section-stretched elementor-section-content-middle elementor-section-boxed elementor-section-height-default elementor-section-height-default\" data-id=\"69dbe22f\" data-element_type=\"section\" data-e-type=\"section\" data-settings=\"{&quot;stretch_section&quot;:&quot;section-stretched&quot;,&quot;background_background&quot;:&quot;classic&quot;}\">\n\t\t\t\t\t\t\t<div class=\"elementor-background-overlay\"><\/div>\n\t\t\t\t\t\t\t<div class=\"elementor-container elementor-column-gap-default\">\n\t\t\t\t\t<div class=\"aux-parallax-section elementor-column elementor-col-50 elementor-top-column elementor-element elementor-element-7f6ae9f6 aux-appear-watch-animation aux-fade-in-up\" data-id=\"7f6ae9f6\" data-element_type=\"column\" data-e-type=\"column\">\n\t\t\t<div class=\"elementor-widget-wrap elementor-element-populated\">\n\t\t\t\t\t\t<div class=\"elementor-element elementor-element-625b658c elementor-widget elementor-widget-aux_modern_heading\" data-id=\"625b658c\" data-element_type=\"widget\" data-e-type=\"widget\" data-widget_type=\"aux_modern_heading.default\">\n\t\t\t\t<div class=\"elementor-widget-container\">\n\t\t\t\t\t<section class=\"aux-widget-modern-heading\">\n            <div class=\"aux-widget-inner\"><h2 class=\"aux-modern-heading-primary\"><\/h2><h3 class=\"aux-modern-heading-secondary\"><span class=\"aux-head-before\">Contactanos<\/span><\/h3><div class=\"aux-modern-heading-divider\"><\/div><div class=\"aux-modern-heading-description\"><p>Si ya nos elegiste y ten\u00e9s dudas o sugerencias sobre nuestras marcas y productos, llamanos o dejanos tus datos para que un asesor se comunique con vos.<\/p><p>\u00a0<\/p><\/div><\/div>\n        <\/section>\t\t\t\t<\/div>\n\t\t\t\t<\/div>\n\t\t\t\t<div class=\"elementor-element elementor-element-5d46837 elementor-widget__width-initial elementor-widget elementor-widget-aux_contact_form\" data-id=\"5d46837\" data-element_type=\"widget\" data-e-type=\"widget\" data-widget_type=\"aux_contact_form.default\">\n\t\t\t\t<div class=\"elementor-widget-container\">\n\t\t\t\t\t<section class=\"widget-container aux-widget-contact-form aux-parent-au343655ea\">            <div class=\"aux-col-wrapper aux-no-gutter\">\n            <!-- @TODO - The output for element here -->\n\n            <div class=\"frm_forms  with_frm_style frm_style_formidable-style\" id=\"frm_form_2_container\" data-token=\"10105246dadcdfa230b9c20d33c32f53\">\n<form enctype=\"multipart\/form-data\" method=\"post\" class=\"frm-show-form  frm_pro_form \" id=\"form_disal-form\" data-token=\"10105246dadcdfa230b9c20d33c32f53\">\n<div class=\"frm_form_fields \">\n<fieldset>\n<legend class=\"frm_screen_reader\">Disal Form<\/legend>\r\n\r\n<div class=\"frm_fields_container\">\n<input type=\"hidden\" name=\"frm_action\" value=\"create\" \/>\n<input type=\"hidden\" name=\"form_id\" value=\"2\" \/>\n<input type=\"hidden\" name=\"frm_hide_fields_2\" id=\"frm_hide_fields_2\" value=\"\" \/>\n<input type=\"hidden\" name=\"form_key\" value=\"disal-form\" \/>\n<input type=\"hidden\" name=\"item_meta[0]\" value=\"\" \/>\n<input type=\"hidden\" id=\"frm_submit_entry_2\" name=\"frm_submit_entry_2\" value=\"2ab506adc1\" \/><input type=\"hidden\" name=\"_wp_http_referer\" value=\"\/en\/wp-json\/wp\/v2\/pages\/543\" \/><div id=\"frm_field_14_container\" class=\"frm_form_field form-field  frm_required_field frm_top_container\">\r\n    <label for=\"field_2yw80\" id=\"field_2yw80_label\" class=\"frm_primary_label\">Tipo de contacto\r\n        <span class=\"frm_required\" aria-hidden=\"true\">*<\/span>\r\n    <\/label>\r\n    \t\t<select name=\"item_meta[14]\" id=\"field_2yw80\"  data-placeholder=\"Seleccione\"  placeholder=\"Seleccione\" data-reqmsg=\"Este campo no puede estar en blanco.\" aria-required=\"true\" data-invmsg=\"Tipo de contacto is invalid\" aria-invalid=\"false\"  >\n\t\t<option  class=\"frm-select-placeholder\" value=\"\" data-placeholder=\"true\">Seleccione<\/option><option  value=\"Empresa\">Empresa<\/option><option  value=\"Instituci\u00f3n\">Instituci\u00f3n<\/option><option  value=\"Ferreter\u00eda\">Ferreter\u00eda<\/option><option  value=\"Pinturer\u00eda\">Pinturer\u00eda<\/option><option  value=\"Pintor\">Pintor<\/option><option  value=\"Arquitecto\">Arquitecto<\/option><option  value=\"Usuario particular\">Usuario particular<\/option>\t<\/select>\n\t\r\n    \r\n    \r\n<\/div>\n<div id=\"frm_field_9_container\" class=\"frm_form_field form-field  frm_required_field frm_top_container frm_first frm_half\">\r\n    <label for=\"field_qh4icy2\" id=\"field_qh4icy2_label\" class=\"frm_primary_label\">Nombre\r\n        <span class=\"frm_required\" aria-hidden=\"true\">*<\/span>\r\n    <\/label>\r\n    <input  type=\"text\" id=\"field_qh4icy2\" name=\"item_meta[9]\" value=\"\"  data-reqmsg=\"Este campo no puede estar en blanco.\" aria-required=\"true\" data-invmsg=\"Name no es v\u00e1lido\" aria-invalid=\"false\"   \/>\r\n    \r\n    \r\n<\/div>\n<div id=\"frm_field_10_container\" class=\"frm_form_field form-field  frm_required_field frm_top_container frm_half\">\r\n    <label for=\"field_ocfup12\" id=\"field_ocfup12_label\" class=\"frm_primary_label\">Apellido\r\n        <span class=\"frm_required\" aria-hidden=\"true\">*<\/span>\r\n    <\/label>\r\n    <input  type=\"text\" id=\"field_ocfup12\" name=\"item_meta[10]\" value=\"\"  data-reqmsg=\"Este campo no puede estar en blanco.\" aria-required=\"true\" data-invmsg=\"Last no es v\u00e1lido\" aria-invalid=\"false\"   \/>\r\n    \r\n    \r\n<\/div>\n<div id=\"frm_field_11_container\" class=\"frm_form_field form-field  frm_required_field frm_top_container frm6 frm_first\">\r\n    <label for=\"field_29yf4d2\" id=\"field_29yf4d2_label\" class=\"frm_primary_label\">Email\r\n        <span class=\"frm_required\" aria-hidden=\"true\">*<\/span>\r\n    <\/label>\r\n    <input type=\"email\" id=\"field_29yf4d2\" name=\"item_meta[11]\" value=\"\"  data-reqmsg=\"Este campo no puede estar en blanco.\" aria-required=\"true\" data-invmsg=\"Please enter a valid email address\" aria-invalid=\"false\"  \/>\r\n    \r\n    \r\n<\/div>\n<div id=\"frm_field_15_container\" class=\"frm_form_field form-field  frm_top_container frm6\">\r\n    <label for=\"field_rfo4u\" id=\"field_rfo4u_label\" class=\"frm_primary_label\">Celular\r\n        <span class=\"frm_required\" aria-hidden=\"true\"><\/span>\r\n    <\/label>\r\n    <input type=\"tel\" id=\"field_rfo4u\" name=\"item_meta[15]\" value=\"\"  data-invmsg=\"Tel\u00e9fono no es v\u00e1lido\" aria-invalid=\"false\" pattern=\"((\\+\\d{1,3}(-|.| )?\\(?\\d\\)?(-| |.)?\\d{1,5})|(\\(?\\d{2,6}\\)?))(-|.| )?(\\d{3,4})(-|.| )?(\\d{4})(( x| ext)\\d{1,5}){0,1}$\"  \/>\r\n    \r\n    \r\n<\/div>\n<div id=\"frm_field_12_container\" class=\"frm_form_field form-field  frm_top_container frm_full\">\r\n    <label for=\"field_e6lis62\" id=\"field_e6lis62_label\" class=\"frm_primary_label\">Direcci\u00f3n\r\n        <span class=\"frm_required\" aria-hidden=\"true\"><\/span>\r\n    <\/label>\r\n    <input  type=\"text\" id=\"field_e6lis62\" name=\"item_meta[12]\" value=\"\"  data-invmsg=\"Subject no es v\u00e1lido\" aria-invalid=\"false\"   \/>\r\n    \r\n    \r\n<\/div>\n<div id=\"frm_field_16_container\" class=\"frm_form_field form-field  frm_required_field frm_top_container\">\r\n    <label for=\"field_j4bc5\" id=\"field_j4bc5_label\" class=\"frm_primary_label\">Motivo de la consulta\r\n        <span class=\"frm_required\" aria-hidden=\"true\">*<\/span>\r\n    <\/label>\r\n    \t\t<select name=\"item_meta[16]\" id=\"field_j4bc5\"  data-placeholder=\"Seleccione\"  placeholder=\"Seleccione\" data-reqmsg=\"Este campo no puede estar en blanco.\" aria-required=\"true\" data-invmsg=\"Motivo de la consulta is invalid\" aria-invalid=\"false\"  >\n\t\t<option  class=\"frm-select-placeholder\" value=\"\" data-placeholder=\"true\">Seleccione<\/option><option  value=\"Comercial\">Comercial<\/option><option  value=\"Consulta t\u00e9cnica\">Consulta t\u00e9cnica<\/option><option  value=\"Quiero recibir capacitaci\u00f3n\">Quiero recibir capacitaci\u00f3n<\/option><option  value=\"Trabajar con nosotros\">Trabajar con nosotros<\/option><option  value=\"Quiero ser proveedor\">Quiero ser proveedor<\/option>\t<\/select>\n\t\r\n    \r\n    \r\n<\/div>\n<div id=\"frm_field_13_container\" class=\"frm_form_field form-field  frm_required_field frm_top_container frm_full\">\r\n    <label for=\"field_9jv0r12\" id=\"field_9jv0r12_label\" class=\"frm_primary_label\">Mensaje\r\n        <span class=\"frm_required\" aria-hidden=\"true\">*<\/span>\r\n    <\/label>\r\n    <textarea name=\"item_meta[13]\" id=\"field_9jv0r12\" rows=\"5\"  data-reqmsg=\"Este campo no puede estar en blanco.\" aria-required=\"true\" data-invmsg=\"Message no es v\u00e1lido\" aria-invalid=\"false\"  ><\/textarea>\r\n    \r\n    \r\n<\/div>\n<div id=\"frm_field_55_container\" class=\"frm_form_field form-field \">\r\n\t<div class=\"frm_submit\">\r\n\r\n<button class=\"frm_button_submit frm_final_submit\" type=\"submit\"   formnovalidate=\"formnovalidate\">Enviar<\/button>\r\n\r\n<\/div>\r\n<\/div>\n\t<input type=\"hidden\" name=\"item_key\" value=\"\" \/>\n\t\t\t<div id=\"frm_field_57_container\">\n\t\t\t<label for=\"field_2xggg\" >\n\t\t\t\tIf you are human, leave this field blank.\t\t\t<\/label>\n\t\t\t<input  id=\"field_2xggg\" type=\"text\" class=\"frm_form_field form-field frm_verify\" name=\"item_meta[57]\" value=\"\"  \/>\n\t\t<\/div>\n\t\t<input name=\"frm_state\" type=\"hidden\" value=\"DlGqad9Iw+q1WahKLZwh77MRpEUMX\/pFHtcQ4\/GgC1rSudUiJm4eA68CV7zr2FDv\" \/><\/div>\n<\/fieldset>\n<\/div>\n\n<\/form>\n<\/div>\n\n\n            <\/div><!-- aux-col-wrapper -->\n    <\/section><!-- widget-container -->\t\t\t\t<\/div>\n\t\t\t\t<\/div>\n\t\t\t\t\t<\/div>\n\t\t<\/div>\n\t\t\t\t<div class=\"aux-parallax-section elementor-column elementor-col-50 elementor-top-column elementor-element elementor-element-2b821ddc aux-appear-watch-animation aux-fade-in-up-1\" data-id=\"2b821ddc\" data-element_type=\"column\" data-e-type=\"column\">\n\t\t\t<div class=\"elementor-widget-wrap elementor-element-populated\">\n\t\t\t\t\t\t<div class=\"elementor-element elementor-element-2b879605 aux-arch-home-info-box elementor-widget elementor-widget-text-editor\" data-id=\"2b879605\" data-element_type=\"widget\" data-e-type=\"widget\" data-widget_type=\"text-editor.default\">\n\t\t\t\t<div class=\"elementor-widget-container\">\n\t\t\t\t\t\t\t\t\t<p><strong>Datos de contacto:<\/strong><\/p><p>info@grupodisal.com.ar<\/p><p>Darwin Passaponti 3801, Moreno Provincia de Buenos Aires. CP 1744.<\/p><div class=\"phone-info\"><p><i class=\"fa fa-phone\"><\/i><span style=\"font-weight: 400;\">\u00a00237-419 8800<\/span><\/p><\/div>\t\t\t\t\t\t\t\t<\/div>\n\t\t\t\t<\/div>\n\t\t\t\t\t<\/div>\n\t\t<\/div>\n\t\t\t\t\t<\/div>\n\t\t<\/section>\n\t\t\t\t<\/div>\n\t\t","protected":false},"excerpt":{"rendered":"<p>Contactanos Si ya nos elegiste y ten\u00e9s dudas o sugerencias sobre nuestras marcas y productos, llamanos o dejanos tus datos para que un asesor se comunique con vos. \u00a0 Disal Form Tipo de contacto * SeleccioneEmpresaInstituci\u00f3nFerreter\u00edaPinturer\u00edaPintorArquitectoUsuario particular Nombre * Apellido * Email * Celular Direcci\u00f3n Motivo de la consulta * SeleccioneComercialConsulta t\u00e9cnicaQuiero recibir capacitaci\u00f3nTrabajar con [&hellip;]<\/p>\n","protected":false},"author":3,"featured_media":0,"parent":0,"menu_order":0,"comment_status":"closed","ping_status":"closed","template":"","meta":{"footnotes":""},"class_list":["post-543","page","type-page","status-publish","hentry"],"yoast_head":"<!-- This site is optimized with the Yoast SEO plugin v27.5 - https:\/\/yoast.com\/product\/yoast-seo-wordpress\/ -->\n<title>Contacto - Grupo Disal<\/title>\n<meta name=\"robots\" content=\"index, follow, max-snippet:-1, max-image-preview:large, max-video-preview:-1\" \/>\n<link rel=\"canonical\" href=\"https:\/\/grupodisal.com.ar\/en\/contacto\/\" \/>\n<meta property=\"og:locale\" content=\"en_US\" \/>\n<meta property=\"og:type\" content=\"article\" \/>\n<meta property=\"og:title\" content=\"Contacto - Grupo Disal\" \/>\n<meta property=\"og:description\" content=\"Contactanos Si ya nos elegiste y ten\u00e9s dudas o sugerencias sobre nuestras marcas y productos, llamanos o dejanos tus datos para que un asesor se comunique con vos. \u00a0 Disal Form Tipo de contacto * SeleccioneEmpresaInstituci\u00f3nFerreter\u00edaPinturer\u00edaPintorArquitectoUsuario particular Nombre * Apellido * Email * Celular Direcci\u00f3n Motivo de la consulta * SeleccioneComercialConsulta t\u00e9cnicaQuiero recibir capacitaci\u00f3nTrabajar con [&hellip;]\" \/>\n<meta property=\"og:url\" content=\"https:\/\/grupodisal.com.ar\/en\/contacto\/\" \/>\n<meta property=\"og:site_name\" content=\"Grupo Disal\" \/>\n<meta property=\"article:modified_time\" content=\"2025-02-14T17:26:02+00:00\" \/>\n<meta name=\"twitter:card\" content=\"summary_large_image\" \/>\n<meta name=\"twitter:label1\" content=\"Est. reading time\" \/>\n\t<meta name=\"twitter:data1\" content=\"1 minute\" \/>\n<script type=\"application\/ld+json\" class=\"yoast-schema-graph\">{\"@context\":\"https:\\\/\\\/schema.org\",\"@graph\":[{\"@type\":\"WebPage\",\"@id\":\"https:\\\/\\\/grupodisal.com.ar\\\/contacto\\\/\",\"url\":\"https:\\\/\\\/grupodisal.com.ar\\\/contacto\\\/\",\"name\":\"Contacto - Grupo Disal\",\"isPartOf\":{\"@id\":\"https:\\\/\\\/grupodisal.com.ar\\\/#website\"},\"datePublished\":\"2023-12-13T18:42:12+00:00\",\"dateModified\":\"2025-02-14T17:26:02+00:00\",\"breadcrumb\":{\"@id\":\"https:\\\/\\\/grupodisal.com.ar\\\/contacto\\\/#breadcrumb\"},\"inLanguage\":\"en-US\",\"potentialAction\":[{\"@type\":\"ReadAction\",\"target\":[\"https:\\\/\\\/grupodisal.com.ar\\\/contacto\\\/\"]}]},{\"@type\":\"BreadcrumbList\",\"@id\":\"https:\\\/\\\/grupodisal.com.ar\\\/contacto\\\/#breadcrumb\",\"itemListElement\":[{\"@type\":\"ListItem\",\"position\":1,\"name\":\"Portada\",\"item\":\"https:\\\/\\\/grupodisal.com.ar\\\/\"},{\"@type\":\"ListItem\",\"position\":2,\"name\":\"Contacto\"}]},{\"@type\":\"WebSite\",\"@id\":\"https:\\\/\\\/grupodisal.com.ar\\\/#website\",\"url\":\"https:\\\/\\\/grupodisal.com.ar\\\/\",\"name\":\"Grupo Disal\",\"description\":\"\",\"publisher\":{\"@id\":\"https:\\\/\\\/grupodisal.com.ar\\\/#organization\"},\"potentialAction\":[{\"@type\":\"SearchAction\",\"target\":{\"@type\":\"EntryPoint\",\"urlTemplate\":\"https:\\\/\\\/grupodisal.com.ar\\\/?s={search_term_string}\"},\"query-input\":{\"@type\":\"PropertyValueSpecification\",\"valueRequired\":true,\"valueName\":\"search_term_string\"}}],\"inLanguage\":\"en-US\"},{\"@type\":\"Organization\",\"@id\":\"https:\\\/\\\/grupodisal.com.ar\\\/#organization\",\"name\":\"Grupo Disal\",\"url\":\"https:\\\/\\\/grupodisal.com.ar\\\/\",\"logo\":{\"@type\":\"ImageObject\",\"inLanguage\":\"en-US\",\"@id\":\"https:\\\/\\\/grupodisal.com.ar\\\/#\\\/schema\\\/logo\\\/image\\\/\",\"url\":\"https:\\\/\\\/grupodisal.com.ar\\\/wp-content\\\/uploads\\\/2023\\\/11\\\/cropped-favicon-01.jpg\",\"contentUrl\":\"https:\\\/\\\/grupodisal.com.ar\\\/wp-content\\\/uploads\\\/2023\\\/11\\\/cropped-favicon-01.jpg\",\"width\":512,\"height\":512,\"caption\":\"Grupo Disal\"},\"image\":{\"@id\":\"https:\\\/\\\/grupodisal.com.ar\\\/#\\\/schema\\\/logo\\\/image\\\/\"}}]}<\/script>\n<!-- \/ Yoast SEO plugin. -->","yoast_head_json":{"title":"Contacto - Grupo Disal","robots":{"index":"index","follow":"follow","max-snippet":"max-snippet:-1","max-image-preview":"max-image-preview:large","max-video-preview":"max-video-preview:-1"},"canonical":"https:\/\/grupodisal.com.ar\/en\/contacto\/","og_locale":"en_US","og_type":"article","og_title":"Contacto - Grupo Disal","og_description":"Contactanos Si ya nos elegiste y ten\u00e9s dudas o sugerencias sobre nuestras marcas y productos, llamanos o dejanos tus datos para que un asesor se comunique con vos. \u00a0 Disal Form Tipo de contacto * SeleccioneEmpresaInstituci\u00f3nFerreter\u00edaPinturer\u00edaPintorArquitectoUsuario particular Nombre * Apellido * Email * Celular Direcci\u00f3n Motivo de la consulta * SeleccioneComercialConsulta t\u00e9cnicaQuiero recibir capacitaci\u00f3nTrabajar con [&hellip;]","og_url":"https:\/\/grupodisal.com.ar\/en\/contacto\/","og_site_name":"Grupo Disal","article_modified_time":"2025-02-14T17:26:02+00:00","twitter_card":"summary_large_image","twitter_misc":{"Est. reading time":"1 minute"},"schema":{"@context":"https:\/\/schema.org","@graph":[{"@type":"WebPage","@id":"https:\/\/grupodisal.com.ar\/contacto\/","url":"https:\/\/grupodisal.com.ar\/contacto\/","name":"Contacto - Grupo Disal","isPartOf":{"@id":"https:\/\/grupodisal.com.ar\/#website"},"datePublished":"2023-12-13T18:42:12+00:00","dateModified":"2025-02-14T17:26:02+00:00","breadcrumb":{"@id":"https:\/\/grupodisal.com.ar\/contacto\/#breadcrumb"},"inLanguage":"en-US","potentialAction":[{"@type":"ReadAction","target":["https:\/\/grupodisal.com.ar\/contacto\/"]}]},{"@type":"BreadcrumbList","@id":"https:\/\/grupodisal.com.ar\/contacto\/#breadcrumb","itemListElement":[{"@type":"ListItem","position":1,"name":"Portada","item":"https:\/\/grupodisal.com.ar\/"},{"@type":"ListItem","position":2,"name":"Contacto"}]},{"@type":"WebSite","@id":"https:\/\/grupodisal.com.ar\/#website","url":"https:\/\/grupodisal.com.ar\/","name":"Grupo Disal","description":"","publisher":{"@id":"https:\/\/grupodisal.com.ar\/#organization"},"potentialAction":[{"@type":"SearchAction","target":{"@type":"EntryPoint","urlTemplate":"https:\/\/grupodisal.com.ar\/?s={search_term_string}"},"query-input":{"@type":"PropertyValueSpecification","valueRequired":true,"valueName":"search_term_string"}}],"inLanguage":"en-US"},{"@type":"Organization","@id":"https:\/\/grupodisal.com.ar\/#organization","name":"Grupo Disal","url":"https:\/\/grupodisal.com.ar\/","logo":{"@type":"ImageObject","inLanguage":"en-US","@id":"https:\/\/grupodisal.com.ar\/#\/schema\/logo\/image\/","url":"https:\/\/grupodisal.com.ar\/wp-content\/uploads\/2023\/11\/cropped-favicon-01.jpg","contentUrl":"https:\/\/grupodisal.com.ar\/wp-content\/uploads\/2023\/11\/cropped-favicon-01.jpg","width":512,"height":512,"caption":"Grupo Disal"},"image":{"@id":"https:\/\/grupodisal.com.ar\/#\/schema\/logo\/image\/"}}]}},"_links":{"self":[{"href":"https:\/\/grupodisal.com.ar\/en\/wp-json\/wp\/v2\/pages\/543","targetHints":{"allow":["GET"]}}],"collection":[{"href":"https:\/\/grupodisal.com.ar\/en\/wp-json\/wp\/v2\/pages"}],"about":[{"href":"https:\/\/grupodisal.com.ar\/en\/wp-json\/wp\/v2\/types\/page"}],"author":[{"embeddable":true,"href":"https:\/\/grupodisal.com.ar\/en\/wp-json\/wp\/v2\/users\/3"}],"replies":[{"embeddable":true,"href":"https:\/\/grupodisal.com.ar\/en\/wp-json\/wp\/v2\/comments?post=543"}],"version-history":[{"count":100,"href":"https:\/\/grupodisal.com.ar\/en\/wp-json\/wp\/v2\/pages\/543\/revisions"}],"predecessor-version":[{"id":2320,"href":"https:\/\/grupodisal.com.ar\/en\/wp-json\/wp\/v2\/pages\/543\/revisions\/2320"}],"wp:attachment":[{"href":"https:\/\/grupodisal.com.ar\/en\/wp-json\/wp\/v2\/media?parent=543"}],"curies":[{"name":"wp","href":"https:\/\/api.w.org\/{rel}","templated":true}]}}