{"id":1901,"date":"2024-07-08T13:12:22","date_gmt":"2024-07-08T16:12:22","guid":{"rendered":"https:\/\/grupodisal.com.ar\/?page_id=1901"},"modified":"2025-03-07T08:38:10","modified_gmt":"2025-03-07T11:38:10","slug":"trabaja-con-nosotros","status":"publish","type":"page","link":"https:\/\/grupodisal.com.ar\/en\/trabaja-con-nosotros\/","title":{"rendered":"Work with us"},"content":{"rendered":"\t\t<div data-elementor-type=\"wp-page\" data-elementor-id=\"1901\" class=\"elementor elementor-1901\">\n\t\t\t\t\t\t<section class=\"elementor-section elementor-top-section elementor-element elementor-element-7c89838d elementor-section-stretched elementor-section-height-min-height elementor-section-boxed elementor-section-height-default elementor-section-items-middle\" data-id=\"7c89838d\" data-element_type=\"section\" data-e-type=\"section\" data-settings=\"{&quot;stretch_section&quot;:&quot;section-stretched&quot;,&quot;background_background&quot;:&quot;classic&quot;}\">\n\t\t\t\t\t\t\t<div class=\"elementor-background-overlay\"><\/div>\n\t\t\t\t\t\t\t<div class=\"elementor-container elementor-column-gap-default\">\n\t\t\t\t\t<div class=\"aux-parallax-section elementor-column elementor-col-100 elementor-top-column elementor-element elementor-element-33e98af\" data-id=\"33e98af\" data-element_type=\"column\" data-e-type=\"column\">\n\t\t\t<div class=\"elementor-widget-wrap\">\n\t\t\t\t\t\t\t<\/div>\n\t\t<\/div>\n\t\t\t\t\t<\/div>\n\t\t<\/section>\n\t\t\t\t<section class=\"elementor-section elementor-top-section elementor-element elementor-element-7213ae04 elementor-section-stretched elementor-section-full_width elementor-section-height-default elementor-section-height-default\" data-id=\"7213ae04\" data-element_type=\"section\" data-e-type=\"section\" data-settings=\"{&quot;stretch_section&quot;:&quot;section-stretched&quot;}\">\n\t\t\t\t\t\t<div class=\"elementor-container elementor-column-gap-default\">\n\t\t\t\t\t<div class=\"aux-parallax-section elementor-column elementor-col-100 elementor-top-column elementor-element elementor-element-560d4a5f\" data-id=\"560d4a5f\" data-element_type=\"column\" data-e-type=\"column\">\n\t\t\t<div class=\"elementor-widget-wrap elementor-element-populated\">\n\t\t\t\t\t\t<div class=\"elementor-element elementor-element-3119ee3d aux-appear-watch-animation aux-fade-in-up elementor-widget elementor-widget-aux_modern_heading\" data-id=\"3119ee3d\" data-element_type=\"widget\" data-e-type=\"widget\" data-widget_type=\"aux_modern_heading.default\">\n\t\t\t\t<div class=\"elementor-widget-container\">\n\t\t\t\t\t<section class=\"aux-widget-modern-heading\">\n            <div class=\"aux-widget-inner\"><h2 class=\"aux-modern-heading-primary\"><\/h2><h3 class=\"aux-modern-heading-secondary\"><span class=\"aux-head-before\">Trabaj\u00e1 con nosotros<\/span><\/h3><div class=\"aux-modern-heading-divider\"><\/div><\/div>\n        <\/section>\t\t\t\t<\/div>\n\t\t\t\t<\/div>\n\t\t\t\t<div class=\"elementor-element elementor-element-04ee607 elementor-shape-rounded elementor-grid-0 e-grid-align-center elementor-widget elementor-widget-social-icons\" data-id=\"04ee607\" data-element_type=\"widget\" data-e-type=\"widget\" data-widget_type=\"social-icons.default\">\n\t\t\t\t<div class=\"elementor-widget-container\">\n\t\t\t\t\t\t\t<div class=\"elementor-social-icons-wrapper elementor-grid\">\n\t\t\t\t\t\t\t<span class=\"elementor-grid-item\">\n\t\t\t\t\t<a class=\"elementor-icon elementor-social-icon elementor-social-icon-linkedin elementor-repeater-item-c4cde84\" href=\"https:\/\/www.linkedin.com\/company\/24778426\/admin\/feed\/posts\/\" target=\"_blank\">\n\t\t\t\t\t\t<span class=\"elementor-screen-only\">Linkedin<\/span>\n\t\t\t\t\t\t<i aria-hidden=\"true\" class=\"fab fa-linkedin\"><\/i>\t\t\t\t\t<\/a>\n\t\t\t\t<\/span>\n\t\t\t\t\t<\/div>\n\t\t\t\t\t\t<\/div>\n\t\t\t\t<\/div>\n\t\t\t\t<div class=\"elementor-element elementor-element-7e778753 elementor-widget elementor-widget-text-editor\" data-id=\"7e778753\" data-element_type=\"widget\" data-e-type=\"widget\" data-widget_type=\"text-editor.default\">\n\t\t\t\t<div class=\"elementor-widget-container\">\n\t\t\t\t\t\t\t\t\t<p><span style=\"font-weight: 400;\">En Grupo Disal creemos que el talento y la dedicaci\u00f3n de nuestros colaboradores son clave para alcanzar el \u00e9xito.<\/span><\/p>\t\t\t\t\t\t\t\t<\/div>\n\t\t\t\t<\/div>\n\t\t\t\t<div class=\"elementor-element elementor-element-3352ae67 elementor-widget elementor-widget-text-editor\" data-id=\"3352ae67\" data-element_type=\"widget\" data-e-type=\"widget\" data-widget_type=\"text-editor.default\">\n\t\t\t\t<div class=\"elementor-widget-container\">\n\t\t\t\t\t\t\t\t\t<p style=\"text-align: center;\">Estamos siempre en la b\u00fasqueda de personas comprometidas y profesionales apasionados.<\/p><p style=\"text-align: center;\">Si dese\u00e1s formar parte de un equipo din\u00e1mico y colaborativo, te invitamos a dejarnos tus datos.<\/p><p style=\"text-align: center;\">\u00a1S\u00e9 parte de Grupo Disal!\u00a0<\/p><p style=\"text-align: center;\"><b>Instrucciones:<\/b><\/p><ol><li style=\"list-style-type: none;\"><ol><li style=\"text-align: center;\">Completa todos los campos del formulario con la informaci\u00f3n solicitada.<\/li><li style=\"text-align: center;\">Adjunta tu CV en formato PDF.<\/li><li style=\"text-align: center;\">Aseg\u00farate de revisar tus datos antes de enviar la postulaci\u00f3n<\/li><\/ol><\/li><\/ol>\t\t\t\t\t\t\t\t<\/div>\n\t\t\t\t<\/div>\n\t\t\t\t\t<\/div>\n\t\t<\/div>\n\t\t\t\t\t<\/div>\n\t\t<\/section>\n\t\t\t\t<section class=\"elementor-section elementor-inner-section elementor-element elementor-element-75107bd3 elementor-section-boxed elementor-section-height-default elementor-section-height-default\" data-id=\"75107bd3\" data-element_type=\"section\" data-e-type=\"section\">\n\t\t\t\t\t\t<div class=\"elementor-container elementor-column-gap-default\">\n\t\t\t\t\t<div class=\"aux-parallax-section elementor-column elementor-col-100 elementor-inner-column elementor-element elementor-element-11e28079\" data-id=\"11e28079\" data-element_type=\"column\" data-e-type=\"column\">\n\t\t\t<div class=\"elementor-widget-wrap elementor-element-populated\">\n\t\t\t\t\t\t<div class=\"elementor-element elementor-element-2e8fbe5 elementor-widget elementor-widget-formidable\" data-id=\"2e8fbe5\" data-element_type=\"widget\" data-e-type=\"widget\" data-widget_type=\"formidable.default\">\n\t\t\t\t<div class=\"elementor-widget-container\">\n\t\t\t\t\t<div class=\"frm_forms  with_frm_style frm_style_formidable-style\" id=\"frm_form_5_container\" data-token=\"e2e6cd44d6b382ce98e185726968e9c8\">\n<form enctype=\"multipart\/form-data\" method=\"post\" class=\"frm-show-form  frm_pro_form \" id=\"form_trabaja22\" data-token=\"e2e6cd44d6b382ce98e185726968e9c8\">\n<div class=\"frm_form_fields \">\n<fieldset>\n<legend class=\"frm_screen_reader\">Trabaja-v3<\/legend>\r\n\r\n<div class=\"frm_fields_container\">\n<input type=\"hidden\" name=\"frm_action\" value=\"create\" \/>\n<input type=\"hidden\" name=\"form_id\" value=\"5\" \/>\n<input type=\"hidden\" name=\"frm_hide_fields_5\" id=\"frm_hide_fields_5\" value=\"\" \/>\n<input type=\"hidden\" name=\"form_key\" value=\"trabaja22\" \/>\n<input type=\"hidden\" name=\"item_meta[0]\" value=\"\" \/>\n<input type=\"hidden\" id=\"frm_submit_entry_5\" name=\"frm_submit_entry_5\" value=\"ed562dd9f7\" \/><input type=\"hidden\" name=\"_wp_http_referer\" value=\"\/en\/wp-json\/wp\/v2\/pages\/1901\" \/><div id=\"frm_field_46_container\" class=\"frm_form_field form-field  frm_required_field frm_top_container frm6 frm_first\">\r\n\t<label for=\"field_iidb03\" id=\"field_iidb03_label\" class=\"frm_primary_label\">Nombre\r\n\t\t<span class=\"frm_required\" aria-hidden=\"true\">*<\/span>\r\n\t<\/label>\r\n\t<input  type=\"text\" id=\"field_iidb03\" name=\"item_meta[46]\" value=\"\"  autocomplete=\"off\"  maxlength=\"80\" data-reqmsg=\"Nombre no puede estar en blanco.\" aria-required=\"true\" data-invmsg=\"Nombre no es v\u00e1lido\" aria-invalid=\"false\"   \/>\r\n\t\r\n\t\r\n<\/div>\n<div id=\"frm_field_56_container\" class=\"frm_form_field form-field  frm_required_field frm_top_container frm6\">\n\t<label for=\"field_31xe7\" id=\"field_31xe7_label\" class=\"frm_primary_label\">Apellido\n\t\t<span class=\"frm_required\" aria-hidden=\"true\">*<\/span>\n\t<\/label>\n\t<input  type=\"text\" id=\"field_31xe7\" name=\"item_meta[56]\" value=\"\"  data-reqmsg=\"Apellido no puede estar en blanco.\" aria-required=\"true\" data-invmsg=\"Apellido no es v\u00e1lido\" aria-invalid=\"false\"   \/>\n\t\n\t\n<\/div>\n<div id=\"frm_field_48_container\" class=\"frm_form_field form-field  frm_top_container frm6 frm_first\">\r\n\t<label for=\"field_yrz5d3\" id=\"field_yrz5d3_label\" class=\"frm_primary_label\">Celular\r\n\t\t<span class=\"frm_required\" aria-hidden=\"true\"><\/span>\r\n\t<\/label>\r\n\t<input type=\"tel\" id=\"field_yrz5d3\" name=\"item_meta[48]\" value=\"\"  data-invmsg=\"Celular no es v\u00e1lido\" aria-invalid=\"false\" pattern=\"((\\+\\d{1,3}(-|.| )?\\(?\\d\\)?(-| |.)?\\d{1,5})|(\\(?\\d{2,6}\\)?))(-|.| )?(\\d{3,4})(-|.| )?(\\d{4})(( x| ext)\\d{1,5}){0,1}$\"  \/>\r\n\t\r\n\t\r\n<\/div>\n<div id=\"frm_field_49_container\" class=\"frm_form_field form-field  frm_required_field frm_top_container frm6 frm_half\">\r\n\t<label for=\"field_3abfh3\" id=\"field_3abfh3_label\" class=\"frm_primary_label\">Provincia\r\n\t\t<span class=\"frm_required\" aria-hidden=\"true\">*<\/span>\r\n\t<\/label>\r\n\t\t\t<select name=\"item_meta[49]\" id=\"field_3abfh3\"  data-frmval=\"Buenos Aires\" data-reqmsg=\"Provincia no puede estar en blanco.\" aria-required=\"true\" data-invmsg=\"Provincia is invalid\" class=\"auto_width\" aria-invalid=\"false\"  >\n\t\t<option  value=\"Buenos Aires\" selected='selected'>Buenos Aires<\/option><option  value=\"Ciudad Aut\u00f3noma de Buenos Aires\">Ciudad Aut\u00f3noma de Buenos Aires<\/option><option  value=\"Catamarca\">Catamarca<\/option><option  value=\"Chaco\">Chaco<\/option><option  value=\"Chubut\">Chubut<\/option><option  value=\"C\u00f3rdoba\">C\u00f3rdoba<\/option><option  value=\"Corrientes\">Corrientes<\/option><option  value=\"Entre R\u00edos\">Entre R\u00edos<\/option><option  value=\"Formosa\">Formosa<\/option><option  value=\"Jujuy\">Jujuy<\/option><option  value=\"La Pampa\">La Pampa<\/option><option  value=\"La Rioja\">La Rioja<\/option><option  value=\"Mendoza\">Mendoza<\/option><option  value=\"Misiones\">Misiones<\/option><option  value=\"Neuqu\u00e9n\">Neuqu\u00e9n<\/option><option  value=\"R\u00edo Negro\">R\u00edo Negro<\/option><option  value=\"Salta\">Salta<\/option><option  value=\"San Juan\">San Juan<\/option><option  value=\"San Luis\">San Luis<\/option><option  value=\"Santa Cruz\">Santa Cruz<\/option><option  value=\"Santa Fe\">Santa Fe<\/option><option  value=\"Santiago del Estero\">Santiago del Estero<\/option><option  value=\"Tierra del Fuego, Ant\u00e1rtida e Islas del Atl\u00e1ntico sur\">Tierra del Fuego, Ant\u00e1rtida e Islas del Atl\u00e1ntico sur<\/option><option  value=\"Tucum\u00e1n\">Tucum\u00e1n<\/option>\t<\/select>\n\t\r\n\t\r\n\t\r\n<\/div>\n<div id=\"frm_field_50_container\" class=\"frm_form_field form-field  frm_required_field frm_top_container frm6 frm12 frm_first\">\r\n\t<div  id=\"field_htj0a3_label\" class=\"frm_primary_label\">\u00c1reas de inter\u00e9s\r\n\t\t<span class=\"frm_required\" aria-hidden=\"true\">*<\/span>\r\n\t<\/div>\r\n\t<div class=\"frm_opt_container\" aria-labelledby=\"field_htj0a3_label\" role=\"group\">\t\t<select name=\"item_meta[50][]\" id=\"field_htj0a3\"  multiple=\"multiple\"  data-reqmsg=\"\u00c1reas de inter\u00e9s no puede estar en blanco.\" aria-required=\"true\" data-invmsg=\"\u00c1reas de inter\u00e9s is invalid\" aria-invalid=\"false\"  >\n\t\t<option  value=\"Investigaci\u00f3n y Desarrollo\">Investigaci\u00f3n y Desarrollo<\/option><option  value=\"Laboratorio\">Laboratorio<\/option><option  value=\"Marketing\">Marketing<\/option><option  value=\"Recursos Humanos\">Recursos Humanos<\/option><option  value=\"Mantenimiento\">Mantenimiento<\/option><option  value=\"Producci\u00f3n\">Producci\u00f3n<\/option><option  value=\"Dep\u00f3sitos\">Dep\u00f3sitos<\/option><option  value=\"Higiene y Seguridad\">Higiene y Seguridad<\/option><option  value=\"Administraci\u00f3n y Finanzas\">Administraci\u00f3n y Finanzas<\/option><option  value=\"Comercial\">Comercial<\/option><option  value=\"Compras\">Compras<\/option><option  value=\"Log\u00edstica\">Log\u00edstica<\/option><option  value=\"Atenci\u00f3n al cliente\">Atenci\u00f3n al cliente<\/option><option  value=\"Sistemas\">Sistemas<\/option><option  value=\"Calidad\">Calidad<\/option>\t<\/select>\n\t<\/div>\r\n\t\r\n\t\r\n<\/div>\n<div id=\"frm_field_52_container\" class=\"frm_form_field form-field  frm_required_field frm_top_container frm6 frm12  frm12\">\r\n\t<label for=\"field_p0zvm3\" id=\"field_p0zvm3_label\" class=\"frm_primary_label\">Nivel de estudio alcanzado\r\n\t\t<span class=\"frm_required\" aria-hidden=\"true\">*<\/span>\r\n\t<\/label>\r\n\t\t\t<select name=\"item_meta[52]\" id=\"field_p0zvm3\"  data-frmval=\"Primario completo\" data-reqmsg=\"Nivel de estudio alcanzado no puede estar en blanco.\" aria-required=\"true\" data-invmsg=\"Nivel de estudio alcanzado is invalid\" aria-invalid=\"false\"  >\n\t\t<option  value=\"Primario completo\" selected='selected'>Primario completo<\/option><option  value=\"Primario incompleto\">Primario incompleto<\/option><option  value=\"Secundario completo\">Secundario completo<\/option><option  value=\"Secundario incompleto\">Secundario incompleto<\/option><option  value=\"Terciario completo\">Terciario completo<\/option><option  value=\"Terciario incompleto\">Terciario incompleto<\/option><option  value=\"Universitario completo\">Universitario completo<\/option><option  value=\"Universitario incompleto\">Universitario incompleto<\/option><option  value=\"MBA completo\">MBA completo<\/option><option  value=\"MBA incompleto\">MBA incompleto<\/option>\t<\/select>\n\t\r\n\t\r\n\t\r\n<\/div>\n<div id=\"frm_field_51_container\" class=\"frm_form_field form-field  frm_required_field frm_top_container frm12 frm6 frm_first\">\r\n\t<label for=\"field_wbm7h3\" id=\"field_wbm7h3_label\" class=\"frm_primary_label\">Adjuntar CV\r\n\t\t<span class=\"frm_required\" aria-hidden=\"true\">*<\/span>\r\n\t<\/label>\r\n\t<input type=\"hidden\"  data-reqmsg=\"Adjuntar CV no puede estar en blanco.\" data-invmsg=\"Adjuntar CV no es v\u00e1lido\" aria-invalid=\"false\"   name=\"item_meta[51]\"  data-reqmsg=\"Adjuntar CV no puede estar en blanco.\"  value=\"\" data-frmfile=\"51\" \/>\n\n<div class=\"frm_dropzone frm_single_upload frm_clearfix\" id=\"file51_dropzone\" role=\"group\" >\n\t<div class=\"fallback\">\n\t\t<input type=\"file\" name=\"file51\" id=\"field_wbm7h3\"\n\t\t\t data-reqmsg=\"Adjuntar CV no puede estar en blanco.\" data-invmsg=\"Adjuntar CV no es v\u00e1lido\" aria-invalid=\"false\"  \t\t\t\/>\n\t\t\t\t<div class=\"frm_clearfix \"><\/div>\n\t<\/div>\n\t<div class=\"dz-message needsclick\">\n\t\t\t\t<svg  viewBox=\"0 0 18 18\" class=\"frmsvg frm-svg-icon\">\n\t<path viewBox=\"0 0 18 18\" fill-rule=\"evenodd\" clip-rule=\"evenodd\" d=\"M8.2 4v8a.8.8 0 001.5 0V4l2.1 2.2A.7.7 0 1013 5L9.5 1.7a.7.7 0 00-1.1 0L5.1 5.2a.8.8 0 001 1l2.1-2zm7.6 4.3c.4 0 .7.3.7.7v6.8c0 .4-.3.7-.8.7H2.3a.8.8 0 01-.8-.8V9A.8.8 0 013 9v6h12V9c0-.4.3-.8.8-.8z\"><\/path>\n<\/svg>\t\t<span class=\"frm_upload_text\"><button type=\"button\" aria-label=\"Adjuntar CV. Arrastra un archivo aqu\u00ed o haz clic para cargar. Maximum file size: 6.29MB\">Arrastra un archivo aqu\u00ed o haz clic para cargar<\/button><\/span>\n\t\t<span class=\"frm_compact_text\"><button type=\"button\" aria-label=\"Adjuntar CV. Seleccionar Archivo. Maximum file size: 6.29MB\">Seleccionar Archivo<\/button><\/span>\n\t\t<div class=\"frm_small_text\">\n\t\t\t<p>Maximum file size: 6.29MB<\/p>\n\t\t<\/div>\n\t<\/div>\n<\/div>\n\t\r\n\t\r\n\t\r\n<\/div>\n<div id=\"frm_field_54_container\" class=\"frm_form_field form-field \">\r\n\t<div class=\"frm_submit frm_flex\">\r\n<button class=\"frm_button_submit frm_final_submit\" type=\"submit\"  >Enviar<\/button>\r\n\r\n\r\n\r\n<\/div>\r\n<\/div>\n\t<input type=\"hidden\" name=\"item_key\" value=\"\" \/>\n\t\t\t<div id=\"frm_field_57_container\">\n\t\t\t<label for=\"field_htgvu\" >\n\t\t\t\tIf you are human, leave this field blank.\t\t\t<\/label>\n\t\t\t<input  id=\"field_htgvu\" type=\"text\" class=\"frm_form_field form-field frm_verify\" name=\"item_meta[57]\" value=\"\"  \/>\n\t\t<\/div>\n\t\t<input name=\"frm_state\" type=\"hidden\" value=\"DlGqad9Iw+q1WahKLZwh70rdesLUJ7pXnyHfI7i5u74X0oS9rGNmhklcg+pW8bP4\" \/><\/div>\n<\/fieldset>\n<\/div>\n\n<\/form>\n<\/div>\n\t\t\t\t<\/div>\n\t\t\t\t<\/div>\n\t\t\t\t\t<\/div>\n\t\t<\/div>\n\t\t\t\t\t<\/div>\n\t\t<\/section>\n\t\t\t\t<\/div>\n\t\t","protected":false},"excerpt":{"rendered":"<p>Trabaj\u00e1 con nosotros Linkedin En Grupo Disal creemos que el talento y la dedicaci\u00f3n de nuestros colaboradores son clave para alcanzar el \u00e9xito. Estamos siempre en la b\u00fasqueda de personas comprometidas y profesionales apasionados. Si dese\u00e1s formar parte de un equipo din\u00e1mico y colaborativo, te invitamos a dejarnos tus datos. \u00a1S\u00e9 parte de Grupo Disal!\u00a0 [&hellip;]<\/p>\n","protected":false},"author":3,"featured_media":0,"parent":0,"menu_order":0,"comment_status":"closed","ping_status":"closed","template":"","meta":{"footnotes":""},"class_list":["post-1901","page","type-page","status-publish","hentry"],"yoast_head":"<!-- This site is optimized with the Yoast SEO plugin v27.3 - https:\/\/yoast.com\/product\/yoast-seo-wordpress\/ -->\n<title>Trabaj\u00e1 con nosotros - Grupo Disal<\/title>\n<meta name=\"robots\" content=\"index, follow, max-snippet:-1, max-image-preview:large, max-video-preview:-1\" \/>\n<link rel=\"canonical\" href=\"https:\/\/grupodisal.com.ar\/en\/trabaja-con-nosotros\/\" \/>\n<meta property=\"og:locale\" content=\"en_US\" \/>\n<meta property=\"og:type\" content=\"article\" \/>\n<meta property=\"og:title\" content=\"Trabaj\u00e1 con nosotros - Grupo Disal\" \/>\n<meta property=\"og:description\" content=\"Trabaj\u00e1 con nosotros Linkedin En Grupo Disal creemos que el talento y la dedicaci\u00f3n de nuestros colaboradores son clave para alcanzar el \u00e9xito. Estamos siempre en la b\u00fasqueda de personas comprometidas y profesionales apasionados. Si dese\u00e1s formar parte de un equipo din\u00e1mico y colaborativo, te invitamos a dejarnos tus datos. \u00a1S\u00e9 parte de Grupo Disal!\u00a0 [&hellip;]\" \/>\n<meta property=\"og:url\" content=\"https:\/\/grupodisal.com.ar\/en\/trabaja-con-nosotros\/\" \/>\n<meta property=\"og:site_name\" content=\"Grupo Disal\" \/>\n<meta property=\"article:modified_time\" content=\"2025-03-07T11:38:10+00:00\" \/>\n<meta name=\"twitter:card\" content=\"summary_large_image\" \/>\n<meta name=\"twitter:label1\" content=\"Est. reading time\" \/>\n\t<meta name=\"twitter:data1\" content=\"1 minute\" \/>\n<script type=\"application\/ld+json\" class=\"yoast-schema-graph\">{\"@context\":\"https:\\\/\\\/schema.org\",\"@graph\":[{\"@type\":\"WebPage\",\"@id\":\"https:\\\/\\\/grupodisal.com.ar\\\/trabaja-con-nosotros\\\/\",\"url\":\"https:\\\/\\\/grupodisal.com.ar\\\/trabaja-con-nosotros\\\/\",\"name\":\"Trabaj\u00e1 con nosotros - Grupo Disal\",\"isPartOf\":{\"@id\":\"https:\\\/\\\/grupodisal.com.ar\\\/#website\"},\"datePublished\":\"2024-07-08T16:12:22+00:00\",\"dateModified\":\"2025-03-07T11:38:10+00:00\",\"breadcrumb\":{\"@id\":\"https:\\\/\\\/grupodisal.com.ar\\\/trabaja-con-nosotros\\\/#breadcrumb\"},\"inLanguage\":\"en-US\",\"potentialAction\":[{\"@type\":\"ReadAction\",\"target\":[\"https:\\\/\\\/grupodisal.com.ar\\\/trabaja-con-nosotros\\\/\"]}]},{\"@type\":\"BreadcrumbList\",\"@id\":\"https:\\\/\\\/grupodisal.com.ar\\\/trabaja-con-nosotros\\\/#breadcrumb\",\"itemListElement\":[{\"@type\":\"ListItem\",\"position\":1,\"name\":\"Portada\",\"item\":\"https:\\\/\\\/grupodisal.com.ar\\\/\"},{\"@type\":\"ListItem\",\"position\":2,\"name\":\"Trabaj\u00e1 con nosotros\"}]},{\"@type\":\"WebSite\",\"@id\":\"https:\\\/\\\/grupodisal.com.ar\\\/#website\",\"url\":\"https:\\\/\\\/grupodisal.com.ar\\\/\",\"name\":\"Grupo Disal\",\"description\":\"\",\"publisher\":{\"@id\":\"https:\\\/\\\/grupodisal.com.ar\\\/#organization\"},\"potentialAction\":[{\"@type\":\"SearchAction\",\"target\":{\"@type\":\"EntryPoint\",\"urlTemplate\":\"https:\\\/\\\/grupodisal.com.ar\\\/?s={search_term_string}\"},\"query-input\":{\"@type\":\"PropertyValueSpecification\",\"valueRequired\":true,\"valueName\":\"search_term_string\"}}],\"inLanguage\":\"en-US\"},{\"@type\":\"Organization\",\"@id\":\"https:\\\/\\\/grupodisal.com.ar\\\/#organization\",\"name\":\"Grupo Disal\",\"url\":\"https:\\\/\\\/grupodisal.com.ar\\\/\",\"logo\":{\"@type\":\"ImageObject\",\"inLanguage\":\"en-US\",\"@id\":\"https:\\\/\\\/grupodisal.com.ar\\\/#\\\/schema\\\/logo\\\/image\\\/\",\"url\":\"https:\\\/\\\/grupodisal.com.ar\\\/wp-content\\\/uploads\\\/2023\\\/11\\\/cropped-favicon-01.jpg\",\"contentUrl\":\"https:\\\/\\\/grupodisal.com.ar\\\/wp-content\\\/uploads\\\/2023\\\/11\\\/cropped-favicon-01.jpg\",\"width\":512,\"height\":512,\"caption\":\"Grupo Disal\"},\"image\":{\"@id\":\"https:\\\/\\\/grupodisal.com.ar\\\/#\\\/schema\\\/logo\\\/image\\\/\"}}]}<\/script>\n<!-- \/ Yoast SEO plugin. -->","yoast_head_json":{"title":"Trabaj\u00e1 con nosotros - Grupo Disal","robots":{"index":"index","follow":"follow","max-snippet":"max-snippet:-1","max-image-preview":"max-image-preview:large","max-video-preview":"max-video-preview:-1"},"canonical":"https:\/\/grupodisal.com.ar\/en\/trabaja-con-nosotros\/","og_locale":"en_US","og_type":"article","og_title":"Trabaj\u00e1 con nosotros - Grupo Disal","og_description":"Trabaj\u00e1 con nosotros Linkedin En Grupo Disal creemos que el talento y la dedicaci\u00f3n de nuestros colaboradores son clave para alcanzar el \u00e9xito. Estamos siempre en la b\u00fasqueda de personas comprometidas y profesionales apasionados. Si dese\u00e1s formar parte de un equipo din\u00e1mico y colaborativo, te invitamos a dejarnos tus datos. \u00a1S\u00e9 parte de Grupo Disal!\u00a0 [&hellip;]","og_url":"https:\/\/grupodisal.com.ar\/en\/trabaja-con-nosotros\/","og_site_name":"Grupo Disal","article_modified_time":"2025-03-07T11:38:10+00:00","twitter_card":"summary_large_image","twitter_misc":{"Est. reading time":"1 minute"},"schema":{"@context":"https:\/\/schema.org","@graph":[{"@type":"WebPage","@id":"https:\/\/grupodisal.com.ar\/trabaja-con-nosotros\/","url":"https:\/\/grupodisal.com.ar\/trabaja-con-nosotros\/","name":"Trabaj\u00e1 con nosotros - Grupo Disal","isPartOf":{"@id":"https:\/\/grupodisal.com.ar\/#website"},"datePublished":"2024-07-08T16:12:22+00:00","dateModified":"2025-03-07T11:38:10+00:00","breadcrumb":{"@id":"https:\/\/grupodisal.com.ar\/trabaja-con-nosotros\/#breadcrumb"},"inLanguage":"en-US","potentialAction":[{"@type":"ReadAction","target":["https:\/\/grupodisal.com.ar\/trabaja-con-nosotros\/"]}]},{"@type":"BreadcrumbList","@id":"https:\/\/grupodisal.com.ar\/trabaja-con-nosotros\/#breadcrumb","itemListElement":[{"@type":"ListItem","position":1,"name":"Portada","item":"https:\/\/grupodisal.com.ar\/"},{"@type":"ListItem","position":2,"name":"Trabaj\u00e1 con nosotros"}]},{"@type":"WebSite","@id":"https:\/\/grupodisal.com.ar\/#website","url":"https:\/\/grupodisal.com.ar\/","name":"Grupo Disal","description":"","publisher":{"@id":"https:\/\/grupodisal.com.ar\/#organization"},"potentialAction":[{"@type":"SearchAction","target":{"@type":"EntryPoint","urlTemplate":"https:\/\/grupodisal.com.ar\/?s={search_term_string}"},"query-input":{"@type":"PropertyValueSpecification","valueRequired":true,"valueName":"search_term_string"}}],"inLanguage":"en-US"},{"@type":"Organization","@id":"https:\/\/grupodisal.com.ar\/#organization","name":"Grupo Disal","url":"https:\/\/grupodisal.com.ar\/","logo":{"@type":"ImageObject","inLanguage":"en-US","@id":"https:\/\/grupodisal.com.ar\/#\/schema\/logo\/image\/","url":"https:\/\/grupodisal.com.ar\/wp-content\/uploads\/2023\/11\/cropped-favicon-01.jpg","contentUrl":"https:\/\/grupodisal.com.ar\/wp-content\/uploads\/2023\/11\/cropped-favicon-01.jpg","width":512,"height":512,"caption":"Grupo Disal"},"image":{"@id":"https:\/\/grupodisal.com.ar\/#\/schema\/logo\/image\/"}}]}},"_links":{"self":[{"href":"https:\/\/grupodisal.com.ar\/en\/wp-json\/wp\/v2\/pages\/1901","targetHints":{"allow":["GET"]}}],"collection":[{"href":"https:\/\/grupodisal.com.ar\/en\/wp-json\/wp\/v2\/pages"}],"about":[{"href":"https:\/\/grupodisal.com.ar\/en\/wp-json\/wp\/v2\/types\/page"}],"author":[{"embeddable":true,"href":"https:\/\/grupodisal.com.ar\/en\/wp-json\/wp\/v2\/users\/3"}],"replies":[{"embeddable":true,"href":"https:\/\/grupodisal.com.ar\/en\/wp-json\/wp\/v2\/comments?post=1901"}],"version-history":[{"count":82,"href":"https:\/\/grupodisal.com.ar\/en\/wp-json\/wp\/v2\/pages\/1901\/revisions"}],"predecessor-version":[{"id":2337,"href":"https:\/\/grupodisal.com.ar\/en\/wp-json\/wp\/v2\/pages\/1901\/revisions\/2337"}],"wp:attachment":[{"href":"https:\/\/grupodisal.com.ar\/en\/wp-json\/wp\/v2\/media?parent=1901"}],"curies":[{"name":"wp","href":"https:\/\/api.w.org\/{rel}","templated":true}]}}