{"id":1659,"date":"2024-05-31T16:48:12","date_gmt":"2024-05-31T19:48:12","guid":{"rendered":"https:\/\/grupodisal.com.ar\/?page_id=1659"},"modified":"2025-02-05T16:49:04","modified_gmt":"2025-02-05T19:49:04","slug":"especialidades-industriales","status":"publish","type":"page","link":"https:\/\/grupodisal.com.ar\/en\/especialidades-industriales\/","title":{"rendered":"Industrial Specialties"},"content":{"rendered":"<div data-elementor-type=\"wp-page\" data-elementor-id=\"1659\" class=\"elementor elementor-1659\">\n\t\t\t\t\t\t<section class=\"elementor-section elementor-top-section elementor-element elementor-element-7c89838d elementor-section-stretched elementor-section-height-min-height elementor-section-boxed elementor-section-height-default elementor-section-items-middle\" data-id=\"7c89838d\" data-element_type=\"section\" data-e-type=\"section\" data-settings=\"{&quot;stretch_section&quot;:&quot;section-stretched&quot;,&quot;background_background&quot;:&quot;classic&quot;}\">\n\t\t\t\t\t\t\t<div class=\"elementor-background-overlay\"><\/div>\n\t\t\t\t\t\t\t<div class=\"elementor-container elementor-column-gap-default\">\n\t\t\t\t\t<div class=\"aux-parallax-section elementor-column elementor-col-100 elementor-top-column elementor-element elementor-element-1ed9400\" data-id=\"1ed9400\" data-element_type=\"column\" data-e-type=\"column\">\n\t\t\t<div class=\"elementor-widget-wrap elementor-element-populated\">\n\t\t\t\t\t\t<div class=\"elementor-element elementor-element-72c0ae43 aux-appear-watch-animation aux-fade-in-up elementor-widget elementor-widget-aux_modern_heading\" data-id=\"72c0ae43\" data-element_type=\"widget\" data-e-type=\"widget\" data-widget_type=\"aux_modern_heading.default\">\n\t\t\t\t<div class=\"elementor-widget-container\">\n\t\t\t\t\t<section class=\"aux-widget-modern-heading\">\n            <div class=\"aux-widget-inner\"><h2 class=\"aux-modern-heading-primary\"><\/h2><h3 class=\"aux-modern-heading-secondary\"><span class=\"aux-head-before\">Industrial Specialties<\/span><\/h3><div class=\"aux-modern-heading-divider\"><\/div><\/div>\n        <\/section>\t\t\t\t<\/div>\n\t\t\t\t<\/div>\n\t\t\t\t\t<\/div>\n\t\t<\/div>\n\t\t\t\t\t<\/div>\n\t\t<\/section>\n\t\t\t\t<section class=\"elementor-section elementor-top-section elementor-element elementor-element-14b67448 elementor-section-stretched elementor-section-boxed elementor-section-height-default elementor-section-height-default\" data-id=\"14b67448\" data-element_type=\"section\" data-e-type=\"section\" data-settings=\"{&quot;stretch_section&quot;:&quot;section-stretched&quot;}\">\n\t\t\t\t\t\t<div class=\"elementor-container elementor-column-gap-default\">\n\t\t\t\t\t<div class=\"aux-parallax-section elementor-column elementor-col-50 elementor-top-column elementor-element elementor-element-3fd2bef\" data-id=\"3fd2bef\" data-element_type=\"column\" data-e-type=\"column\">\n\t\t\t<div class=\"elementor-widget-wrap elementor-element-populated\">\n\t\t\t\t\t\t<div class=\"elementor-element elementor-element-b9af32a elementor-widget-mobile__width-inherit elementor-widget elementor-widget-image\" data-id=\"b9af32a\" data-element_type=\"widget\" data-e-type=\"widget\" data-widget_type=\"image.default\">\n\t\t\t\t<div class=\"elementor-widget-container\">\n\t\t\t\t\t\t\t\t\t\t\t\t\t\t\t<img fetchpriority=\"high\" decoding=\"async\" width=\"500\" height=\"333\" src=\"https:\/\/grupodisal.com.ar\/wp-content\/uploads\/2023\/12\/ESPECIALES.jpg\" class=\"attachment-full size-full wp-image-485\" alt=\"\" srcset=\"https:\/\/grupodisal.com.ar\/wp-content\/uploads\/2023\/12\/ESPECIALES.jpg 500w, https:\/\/grupodisal.com.ar\/wp-content\/uploads\/2023\/12\/ESPECIALES-200x133.jpg 200w\" sizes=\"(max-width: 500px) 100vw, 500px\" \/>\t\t\t\t\t\t\t\t\t\t\t\t\t\t\t<\/div>\n\t\t\t\t<\/div>\n\t\t\t\t<div class=\"elementor-element elementor-element-33116d9 elementor-widget elementor-widget-image\" data-id=\"33116d9\" data-element_type=\"widget\" data-e-type=\"widget\" data-widget_type=\"image.default\">\n\t\t\t\t<div class=\"elementor-widget-container\">\n\t\t\t\t\t\t\t\t\t\t\t\t\t\t\t<img decoding=\"async\" width=\"500\" height=\"376\" src=\"https:\/\/grupodisal.com.ar\/wp-content\/uploads\/2024\/06\/shutterstock_2283958221-1-1-e1720454871347.jpg\" class=\"attachment-full size-full wp-image-1776\" alt=\"\" \/>\t\t\t\t\t\t\t\t\t\t\t\t\t\t\t<\/div>\n\t\t\t\t<\/div>\n\t\t\t\t\t<\/div>\n\t\t<\/div>\n\t\t\t\t<div class=\"aux-parallax-section elementor-column elementor-col-50 elementor-top-column elementor-element elementor-element-79aa078\" data-id=\"79aa078\" data-element_type=\"column\" data-e-type=\"column\">\n\t\t\t<div class=\"elementor-widget-wrap elementor-element-populated\">\n\t\t\t\t\t\t<div class=\"elementor-element elementor-element-cd3b963 aux-appear-watch-animation aux-fade-in-up elementor-widget elementor-widget-aux_modern_heading\" data-id=\"cd3b963\" data-element_type=\"widget\" data-e-type=\"widget\" data-widget_type=\"aux_modern_heading.default\">\n\t\t\t\t<div class=\"elementor-widget-container\">\n\t\t\t\t\t<section class=\"aux-widget-modern-heading\">\n            <div class=\"aux-widget-inner\"><h2 class=\"aux-modern-heading-primary\"><\/h2><h3 class=\"aux-modern-heading-secondary\"><span class=\"aux-head-before\">Nuestras especialidades<\/span><\/h3><div class=\"aux-modern-heading-divider\"><\/div><\/div>\n        <\/section>\t\t\t\t<\/div>\n\t\t\t\t<\/div>\n\t\t\t\t<div class=\"elementor-element elementor-element-6d5e1bf0 elementor-widget elementor-widget-text-editor\" data-id=\"6d5e1bf0\" data-element_type=\"widget\" data-e-type=\"widget\" data-widget_type=\"text-editor.default\">\n\t\t\t\t<div class=\"elementor-widget-container\">\n\t\t\t\t\t\t\t\t\t<p style=\"text-align: left;\">La Unidad de Negocio de Especialidades Industriales de Grupo Disal es un pilar fundamental en la industria de fabricaci\u00f3n de revestimientos, suministrando una gama integral de productos que incluye resinas, emulsiones, colorantes y envases pl\u00e1sticos.<\/p><p style=\"text-align: left;\">What\u00a0<strong>distinguishes<\/strong> en esta Unidad de Negocio es nuestro compromiso con la excelencia y la capacidad de agregar valor a la industria. Nuestras plantas de Especialidades Industriales cuentan con tecnolog\u00eda de punta que nos otorga un control total sobre la calidad y disponibilidad de los insumos necesarios para la producci\u00f3n de pinturas y revestimientos.\u00a0<\/p>\t\t\t\t\t\t\t\t<\/div>\n\t\t\t\t<\/div>\n\t\t\t\t<div class=\"elementor-element elementor-element-f9685a3 elementor-widget elementor-widget-text-editor\" data-id=\"f9685a3\" data-element_type=\"widget\" data-e-type=\"widget\" data-widget_type=\"text-editor.default\">\n\t\t\t\t<div class=\"elementor-widget-container\">\n\t\t\t\t\t\t\t\t\t<p style=\"text-align: left;\">Algunos de nuestros productos\u00a0principales son:\u00a0<\/p><ul style=\"text-align: left;\"><li><strong>Resinas:<\/strong> Contamos con una amplia variedad de resinas alqu\u00eddicas y acr\u00edlicas fabricadas con est\u00e1ndares de calidad inigualables. Nuestros procesos de producci\u00f3n garantizan una pureza y consistencia excepcionales.<\/li><li><strong>Emulsiones:<\/strong> Ofrecemos emulsiones estireno acr\u00edlicas y elastom\u00e9ricas que,\u00a0 gracias a nuestra tecnolog\u00eda de punta, nos permite proporcionar productos de alta estabilidad y rendimiento.<\/li><li><strong>Colorantes:<\/strong> Universales para sistemas tintom\u00e9tricos, como as\u00ed tambi\u00e9n, concentrados base acuosa para plantas productivas.<\/li><li><strong>Envases Pl\u00e1sticos:<\/strong> Fabricamos envases con tecnolog\u00eda europea y sistema de etiquetado IML robotizado, garantizando la seguridad y preservaci\u00f3n de nuestros productos.<\/li><\/ul><p style=\"text-align: left;\">Our\u00a0<strong>clients<\/strong>\u00a0son industrias que requieren una cadena de suministro confiable y constante para mantener la continuidad de sus operaciones. Entendemos la importancia de la calidad y el servicio como cimientos para una operaci\u00f3n de excelencia. Al elegir a Grupo Disal, nuestros clientes aseguran la disponibilidad de insumos cr\u00edticos y la tranquilidad de saber que est\u00e1n respaldados por un socio confiable y comprometido con su \u00e9xito.<\/p>\t\t\t\t\t\t\t\t<\/div>\n\t\t\t\t<\/div>\n\t\t\t\t<div class=\"elementor-element elementor-element-3d375d02 elementor-widget elementor-widget-aux_modern_button\" data-id=\"3d375d02\" data-element_type=\"widget\" data-e-type=\"widget\" data-widget_type=\"aux_modern_button.default\">\n\t\t\t\t<div class=\"elementor-widget-container\">\n\t\t\t\t\t    <div class=\"aux-modern-button-wrapper aux-modern-button-align-left\" >\n                    <a class=\"aux-modern-button aux-black aux-modern-button-md aux-modern-button-normal aux-modern-button-outline aux-icon-\" href=\"https:\/\/grupodisal.com.ar\/en\/dipol\/\">\n                <div class=\"aux-overlay\"><\/div>\n                                    <div class=\"aux-icon\">\n                                            <\/div>\n                                <div class=\"aux-text\">\n<span class=\"aux-text-before\">Ver m\u00e1s<\/span>                <\/div>\n            <\/a>\n            \n    <\/div>\n\n    \t\t\t\t<\/div>\n\t\t\t\t<\/div>\n\t\t\t\t\t<\/div>\n\t\t<\/div>\n\t\t\t\t\t<\/div>\n\t\t<\/section>\n\t\t\t\t<\/div>","protected":false},"excerpt":{"rendered":"<p>Especialidades Industriales Nuestras especialidades La Unidad de Negocio de Especialidades Industriales de Grupo Disal es un pilar fundamental en la industria de fabricaci\u00f3n de revestimientos, suministrando una gama integral de productos que incluye resinas, emulsiones, colorantes y envases pl\u00e1sticos. Lo que nos\u00a0distingue en esta Unidad de Negocio es nuestro compromiso con la excelencia y la [&hellip;]<\/p>\n","protected":false},"author":3,"featured_media":0,"parent":0,"menu_order":0,"comment_status":"closed","ping_status":"closed","template":"","meta":{"footnotes":""},"class_list":["post-1659","page","type-page","status-publish","hentry"],"yoast_head":"<!-- This site is optimized with the Yoast SEO plugin v27.5 - https:\/\/yoast.com\/product\/yoast-seo-wordpress\/ -->\n<title>Especialidades Industriales - Grupo Disal<\/title>\n<meta name=\"robots\" content=\"index, follow, max-snippet:-1, max-image-preview:large, max-video-preview:-1\" \/>\n<link rel=\"canonical\" href=\"https:\/\/grupodisal.com.ar\/en\/especialidades-industriales\/\" \/>\n<meta property=\"og:locale\" content=\"en_US\" \/>\n<meta property=\"og:type\" content=\"article\" \/>\n<meta property=\"og:title\" content=\"Especialidades Industriales - Grupo Disal\" \/>\n<meta property=\"og:description\" content=\"Especialidades Industriales Nuestras especialidades La Unidad de Negocio de Especialidades Industriales de Grupo Disal es un pilar fundamental en la industria de fabricaci\u00f3n de revestimientos, suministrando una gama integral de productos que incluye resinas, emulsiones, colorantes y envases pl\u00e1sticos. Lo que nos\u00a0distingue en esta Unidad de Negocio es nuestro compromiso con la excelencia y la [&hellip;]\" \/>\n<meta property=\"og:url\" content=\"https:\/\/grupodisal.com.ar\/en\/especialidades-industriales\/\" \/>\n<meta property=\"og:site_name\" content=\"Grupo Disal\" \/>\n<meta property=\"article:modified_time\" content=\"2025-02-05T19:49:04+00:00\" \/>\n<meta property=\"og:image\" content=\"https:\/\/grupodisal.com.ar\/wp-content\/uploads\/2023\/12\/ESPECIALES.jpg\" \/>\n<meta name=\"twitter:card\" content=\"summary_large_image\" \/>\n<meta name=\"twitter:label1\" content=\"Est. reading time\" \/>\n\t<meta name=\"twitter:data1\" content=\"2 minutes\" \/>\n<script type=\"application\/ld+json\" class=\"yoast-schema-graph\">{\"@context\":\"https:\\\/\\\/schema.org\",\"@graph\":[{\"@type\":\"WebPage\",\"@id\":\"https:\\\/\\\/grupodisal.com.ar\\\/especialidades-industriales\\\/\",\"url\":\"https:\\\/\\\/grupodisal.com.ar\\\/especialidades-industriales\\\/\",\"name\":\"Especialidades Industriales - Grupo Disal\",\"isPartOf\":{\"@id\":\"https:\\\/\\\/grupodisal.com.ar\\\/#website\"},\"primaryImageOfPage\":{\"@id\":\"https:\\\/\\\/grupodisal.com.ar\\\/especialidades-industriales\\\/#primaryimage\"},\"image\":{\"@id\":\"https:\\\/\\\/grupodisal.com.ar\\\/especialidades-industriales\\\/#primaryimage\"},\"thumbnailUrl\":\"https:\\\/\\\/grupodisal.com.ar\\\/wp-content\\\/uploads\\\/2023\\\/12\\\/ESPECIALES.jpg\",\"datePublished\":\"2024-05-31T19:48:12+00:00\",\"dateModified\":\"2025-02-05T19:49:04+00:00\",\"breadcrumb\":{\"@id\":\"https:\\\/\\\/grupodisal.com.ar\\\/especialidades-industriales\\\/#breadcrumb\"},\"inLanguage\":\"en-US\",\"potentialAction\":[{\"@type\":\"ReadAction\",\"target\":[\"https:\\\/\\\/grupodisal.com.ar\\\/especialidades-industriales\\\/\"]}]},{\"@type\":\"ImageObject\",\"inLanguage\":\"en-US\",\"@id\":\"https:\\\/\\\/grupodisal.com.ar\\\/especialidades-industriales\\\/#primaryimage\",\"url\":\"https:\\\/\\\/grupodisal.com.ar\\\/wp-content\\\/uploads\\\/2023\\\/12\\\/ESPECIALES.jpg\",\"contentUrl\":\"https:\\\/\\\/grupodisal.com.ar\\\/wp-content\\\/uploads\\\/2023\\\/12\\\/ESPECIALES.jpg\"},{\"@type\":\"BreadcrumbList\",\"@id\":\"https:\\\/\\\/grupodisal.com.ar\\\/especialidades-industriales\\\/#breadcrumb\",\"itemListElement\":[{\"@type\":\"ListItem\",\"position\":1,\"name\":\"Portada\",\"item\":\"https:\\\/\\\/grupodisal.com.ar\\\/\"},{\"@type\":\"ListItem\",\"position\":2,\"name\":\"Especialidades Industriales\"}]},{\"@type\":\"WebSite\",\"@id\":\"https:\\\/\\\/grupodisal.com.ar\\\/#website\",\"url\":\"https:\\\/\\\/grupodisal.com.ar\\\/\",\"name\":\"Grupo Disal\",\"description\":\"\",\"publisher\":{\"@id\":\"https:\\\/\\\/grupodisal.com.ar\\\/#organization\"},\"potentialAction\":[{\"@type\":\"SearchAction\",\"target\":{\"@type\":\"EntryPoint\",\"urlTemplate\":\"https:\\\/\\\/grupodisal.com.ar\\\/?s={search_term_string}\"},\"query-input\":{\"@type\":\"PropertyValueSpecification\",\"valueRequired\":true,\"valueName\":\"search_term_string\"}}],\"inLanguage\":\"en-US\"},{\"@type\":\"Organization\",\"@id\":\"https:\\\/\\\/grupodisal.com.ar\\\/#organization\",\"name\":\"Grupo Disal\",\"url\":\"https:\\\/\\\/grupodisal.com.ar\\\/\",\"logo\":{\"@type\":\"ImageObject\",\"inLanguage\":\"en-US\",\"@id\":\"https:\\\/\\\/grupodisal.com.ar\\\/#\\\/schema\\\/logo\\\/image\\\/\",\"url\":\"https:\\\/\\\/grupodisal.com.ar\\\/wp-content\\\/uploads\\\/2023\\\/11\\\/cropped-favicon-01.jpg\",\"contentUrl\":\"https:\\\/\\\/grupodisal.com.ar\\\/wp-content\\\/uploads\\\/2023\\\/11\\\/cropped-favicon-01.jpg\",\"width\":512,\"height\":512,\"caption\":\"Grupo Disal\"},\"image\":{\"@id\":\"https:\\\/\\\/grupodisal.com.ar\\\/#\\\/schema\\\/logo\\\/image\\\/\"}}]}<\/script>\n<!-- \/ Yoast SEO plugin. -->","yoast_head_json":{"title":"Especialidades Industriales - Grupo Disal","robots":{"index":"index","follow":"follow","max-snippet":"max-snippet:-1","max-image-preview":"max-image-preview:large","max-video-preview":"max-video-preview:-1"},"canonical":"https:\/\/grupodisal.com.ar\/en\/especialidades-industriales\/","og_locale":"en_US","og_type":"article","og_title":"Especialidades Industriales - Grupo Disal","og_description":"Especialidades Industriales Nuestras especialidades La Unidad de Negocio de Especialidades Industriales de Grupo Disal es un pilar fundamental en la industria de fabricaci\u00f3n de revestimientos, suministrando una gama integral de productos que incluye resinas, emulsiones, colorantes y envases pl\u00e1sticos. Lo que nos\u00a0distingue en esta Unidad de Negocio es nuestro compromiso con la excelencia y la [&hellip;]","og_url":"https:\/\/grupodisal.com.ar\/en\/especialidades-industriales\/","og_site_name":"Grupo Disal","article_modified_time":"2025-02-05T19:49:04+00:00","og_image":[{"url":"https:\/\/grupodisal.com.ar\/wp-content\/uploads\/2023\/12\/ESPECIALES.jpg","type":"","width":"","height":""}],"twitter_card":"summary_large_image","twitter_misc":{"Est. reading time":"2 minutes"},"schema":{"@context":"https:\/\/schema.org","@graph":[{"@type":"WebPage","@id":"https:\/\/grupodisal.com.ar\/especialidades-industriales\/","url":"https:\/\/grupodisal.com.ar\/especialidades-industriales\/","name":"Especialidades Industriales - Grupo Disal","isPartOf":{"@id":"https:\/\/grupodisal.com.ar\/#website"},"primaryImageOfPage":{"@id":"https:\/\/grupodisal.com.ar\/especialidades-industriales\/#primaryimage"},"image":{"@id":"https:\/\/grupodisal.com.ar\/especialidades-industriales\/#primaryimage"},"thumbnailUrl":"https:\/\/grupodisal.com.ar\/wp-content\/uploads\/2023\/12\/ESPECIALES.jpg","datePublished":"2024-05-31T19:48:12+00:00","dateModified":"2025-02-05T19:49:04+00:00","breadcrumb":{"@id":"https:\/\/grupodisal.com.ar\/especialidades-industriales\/#breadcrumb"},"inLanguage":"en-US","potentialAction":[{"@type":"ReadAction","target":["https:\/\/grupodisal.com.ar\/especialidades-industriales\/"]}]},{"@type":"ImageObject","inLanguage":"en-US","@id":"https:\/\/grupodisal.com.ar\/especialidades-industriales\/#primaryimage","url":"https:\/\/grupodisal.com.ar\/wp-content\/uploads\/2023\/12\/ESPECIALES.jpg","contentUrl":"https:\/\/grupodisal.com.ar\/wp-content\/uploads\/2023\/12\/ESPECIALES.jpg"},{"@type":"BreadcrumbList","@id":"https:\/\/grupodisal.com.ar\/especialidades-industriales\/#breadcrumb","itemListElement":[{"@type":"ListItem","position":1,"name":"Portada","item":"https:\/\/grupodisal.com.ar\/"},{"@type":"ListItem","position":2,"name":"Especialidades Industriales"}]},{"@type":"WebSite","@id":"https:\/\/grupodisal.com.ar\/#website","url":"https:\/\/grupodisal.com.ar\/","name":"Grupo Disal","description":"","publisher":{"@id":"https:\/\/grupodisal.com.ar\/#organization"},"potentialAction":[{"@type":"SearchAction","target":{"@type":"EntryPoint","urlTemplate":"https:\/\/grupodisal.com.ar\/?s={search_term_string}"},"query-input":{"@type":"PropertyValueSpecification","valueRequired":true,"valueName":"search_term_string"}}],"inLanguage":"en-US"},{"@type":"Organization","@id":"https:\/\/grupodisal.com.ar\/#organization","name":"Grupo Disal","url":"https:\/\/grupodisal.com.ar\/","logo":{"@type":"ImageObject","inLanguage":"en-US","@id":"https:\/\/grupodisal.com.ar\/#\/schema\/logo\/image\/","url":"https:\/\/grupodisal.com.ar\/wp-content\/uploads\/2023\/11\/cropped-favicon-01.jpg","contentUrl":"https:\/\/grupodisal.com.ar\/wp-content\/uploads\/2023\/11\/cropped-favicon-01.jpg","width":512,"height":512,"caption":"Grupo Disal"},"image":{"@id":"https:\/\/grupodisal.com.ar\/#\/schema\/logo\/image\/"}}]}},"_links":{"self":[{"href":"https:\/\/grupodisal.com.ar\/en\/wp-json\/wp\/v2\/pages\/1659","targetHints":{"allow":["GET"]}}],"collection":[{"href":"https:\/\/grupodisal.com.ar\/en\/wp-json\/wp\/v2\/pages"}],"about":[{"href":"https:\/\/grupodisal.com.ar\/en\/wp-json\/wp\/v2\/types\/page"}],"author":[{"embeddable":true,"href":"https:\/\/grupodisal.com.ar\/en\/wp-json\/wp\/v2\/users\/3"}],"replies":[{"embeddable":true,"href":"https:\/\/grupodisal.com.ar\/en\/wp-json\/wp\/v2\/comments?post=1659"}],"version-history":[{"count":37,"href":"https:\/\/grupodisal.com.ar\/en\/wp-json\/wp\/v2\/pages\/1659\/revisions"}],"predecessor-version":[{"id":2289,"href":"https:\/\/grupodisal.com.ar\/en\/wp-json\/wp\/v2\/pages\/1659\/revisions\/2289"}],"wp:attachment":[{"href":"https:\/\/grupodisal.com.ar\/en\/wp-json\/wp\/v2\/media?parent=1659"}],"curies":[{"name":"wp","href":"https:\/\/api.w.org\/{rel}","templated":true}]}}