{"id":1634,"date":"2024-05-31T16:29:29","date_gmt":"2024-05-31T19:29:29","guid":{"rendered":"https:\/\/grupodisal.com.ar\/?page_id=1634"},"modified":"2024-06-26T11:53:54","modified_gmt":"2024-06-26T14:53:54","slug":"pinturas-automotor","status":"publish","type":"page","link":"https:\/\/grupodisal.com.ar\/en\/pinturas-automotor\/","title":{"rendered":"Automotive Paints"},"content":{"rendered":"<div data-elementor-type=\"wp-page\" data-elementor-id=\"1634\" class=\"elementor elementor-1634\">\n\t\t\t\t\t\t<section class=\"elementor-section elementor-top-section elementor-element elementor-element-7c89838d elementor-section-stretched elementor-section-height-min-height elementor-section-boxed elementor-section-height-default elementor-section-items-middle\" data-id=\"7c89838d\" data-element_type=\"section\" data-e-type=\"section\" data-settings=\"{&quot;stretch_section&quot;:&quot;section-stretched&quot;,&quot;background_background&quot;:&quot;classic&quot;}\">\n\t\t\t\t\t\t\t<div class=\"elementor-background-overlay\"><\/div>\n\t\t\t\t\t\t\t<div class=\"elementor-container elementor-column-gap-default\">\n\t\t\t\t\t<div class=\"aux-parallax-section elementor-column elementor-col-100 elementor-top-column elementor-element elementor-element-1ed9400\" data-id=\"1ed9400\" data-element_type=\"column\" data-e-type=\"column\">\n\t\t\t<div class=\"elementor-widget-wrap elementor-element-populated\">\n\t\t\t\t\t\t<div class=\"elementor-element elementor-element-72c0ae43 aux-appear-watch-animation aux-fade-in-up elementor-widget elementor-widget-aux_modern_heading\" data-id=\"72c0ae43\" data-element_type=\"widget\" data-e-type=\"widget\" data-widget_type=\"aux_modern_heading.default\">\n\t\t\t\t<div class=\"elementor-widget-container\">\n\t\t\t\t\t<section class=\"aux-widget-modern-heading\">\n            <div class=\"aux-widget-inner\"><h2 class=\"aux-modern-heading-primary\"><\/h2><h3 class=\"aux-modern-heading-secondary\"><span class=\"aux-head-before\">Pinturas automotor<\/span><\/h3><div class=\"aux-modern-heading-divider\"><\/div><\/div>\n        <\/section>\t\t\t\t<\/div>\n\t\t\t\t<\/div>\n\t\t\t\t\t<\/div>\n\t\t<\/div>\n\t\t\t\t\t<\/div>\n\t\t<\/section>\n\t\t\t\t<section class=\"elementor-section elementor-top-section elementor-element elementor-element-14b67448 elementor-section-stretched elementor-section-boxed elementor-section-height-default elementor-section-height-default\" data-id=\"14b67448\" data-element_type=\"section\" data-e-type=\"section\" data-settings=\"{&quot;stretch_section&quot;:&quot;section-stretched&quot;}\">\n\t\t\t\t\t\t<div class=\"elementor-container elementor-column-gap-default\">\n\t\t\t\t\t<div class=\"aux-parallax-section elementor-column elementor-col-50 elementor-top-column elementor-element elementor-element-3fd2bef\" data-id=\"3fd2bef\" data-element_type=\"column\" data-e-type=\"column\">\n\t\t\t<div class=\"elementor-widget-wrap elementor-element-populated\">\n\t\t\t\t\t\t<div class=\"elementor-element elementor-element-b9af32a elementor-widget elementor-widget-image\" data-id=\"b9af32a\" data-element_type=\"widget\" data-e-type=\"widget\" data-widget_type=\"image.default\">\n\t\t\t\t<div class=\"elementor-widget-container\">\n\t\t\t\t\t\t\t\t\t\t\t\t\t\t\t<img fetchpriority=\"high\" decoding=\"async\" width=\"800\" height=\"533\" src=\"https:\/\/grupodisal.com.ar\/wp-content\/uploads\/2023\/12\/Negocios.-Pinturas-Automotor-2.jpg\" class=\"attachment-full size-full wp-image-1214\" alt=\"\" srcset=\"https:\/\/grupodisal.com.ar\/wp-content\/uploads\/2023\/12\/Negocios.-Pinturas-Automotor-2.jpg 800w, https:\/\/grupodisal.com.ar\/wp-content\/uploads\/2023\/12\/Negocios.-Pinturas-Automotor-2-200x133.jpg 200w\" sizes=\"(max-width: 800px) 100vw, 800px\" \/>\t\t\t\t\t\t\t\t\t\t\t\t\t\t\t<\/div>\n\t\t\t\t<\/div>\n\t\t\t\t\t<\/div>\n\t\t<\/div>\n\t\t\t\t<div class=\"aux-parallax-section elementor-column elementor-col-50 elementor-top-column elementor-element elementor-element-79aa078\" data-id=\"79aa078\" data-element_type=\"column\" data-e-type=\"column\">\n\t\t\t<div class=\"elementor-widget-wrap elementor-element-populated\">\n\t\t\t\t\t\t<div class=\"elementor-element elementor-element-cd3b963 aux-appear-watch-animation aux-fade-in-up elementor-widget elementor-widget-aux_modern_heading\" data-id=\"cd3b963\" data-element_type=\"widget\" data-e-type=\"widget\" data-widget_type=\"aux_modern_heading.default\">\n\t\t\t\t<div class=\"elementor-widget-container\">\n\t\t\t\t\t<section class=\"aux-widget-modern-heading\">\n            <div class=\"aux-widget-inner\"><h2 class=\"aux-modern-heading-primary\"><\/h2><h3 class=\"aux-modern-heading-secondary\"><span class=\"aux-head-before\">Our paintings<\/span><\/h3><div class=\"aux-modern-heading-divider\"><\/div><\/div>\n        <\/section>\t\t\t\t<\/div>\n\t\t\t\t<\/div>\n\t\t\t\t<div class=\"elementor-element elementor-element-6d5e1bf0 elementor-widget elementor-widget-text-editor\" data-id=\"6d5e1bf0\" data-element_type=\"widget\" data-e-type=\"widget\" data-widget_type=\"text-editor.default\">\n\t\t\t\t<div class=\"elementor-widget-container\">\n\t\t\t\t\t\t\t\t\t<p style=\"text-align: left;\">The Automotive Painting Business Unit is a division dedicated to the production and distribution of high-performance coatings and accessories for the repainting and care of all types of vehicles.\u00a0<\/p><p style=\"text-align: left;\">We\u00a0<b>excel<\/b>\u00a0for our ability to identify and develop products that meet both the needs of the segment dedicated to automotive care and beautification and those of the professional segment in the replacement and repainting processes.\u00a0<\/p><p style=\"text-align: left;\">Our\u00a0<b>products<\/b>\u00a0represent quality solutions for their users, backed by specialized technical advice.<\/p><p style=\"text-align: left;\">In the automotive aesthetics segment we accompany enthusiasts who want to protect and care for their vehicles, providing products for cleaning, washing, polishing, polishing, as well as silicones and polishes.\u00a0<\/p>\t\t\t\t\t\t\t\t<\/div>\n\t\t\t\t<\/div>\n\t\t\t\t\t<\/div>\n\t\t<\/div>\n\t\t\t\t\t<\/div>\n\t\t<\/section>\n\t\t\t\t<section class=\"elementor-section elementor-top-section elementor-element elementor-element-0b6d3ac elementor-section-stretched elementor-section-boxed elementor-section-height-default elementor-section-height-default\" data-id=\"0b6d3ac\" data-element_type=\"section\" data-e-type=\"section\" data-settings=\"{&quot;stretch_section&quot;:&quot;section-stretched&quot;}\">\n\t\t\t\t\t\t<div class=\"elementor-container elementor-column-gap-default\">\n\t\t\t\t\t<div class=\"aux-parallax-section elementor-column elementor-col-50 elementor-top-column elementor-element elementor-element-4b8eec4\" data-id=\"4b8eec4\" data-element_type=\"column\" data-e-type=\"column\">\n\t\t\t<div class=\"elementor-widget-wrap elementor-element-populated\">\n\t\t\t\t\t\t<div class=\"elementor-element elementor-element-159bee6 elementor-widget elementor-widget-image\" data-id=\"159bee6\" data-element_type=\"widget\" data-e-type=\"widget\" data-widget_type=\"image.default\">\n\t\t\t\t<div class=\"elementor-widget-container\">\n\t\t\t\t\t\t\t\t\t\t\t\t\t\t\t<img decoding=\"async\" width=\"1024\" height=\"910\" src=\"https:\/\/grupodisal.com.ar\/wp-content\/uploads\/2024\/06\/shutterstock_1006734775-1-e1719413285118-1024x910.jpg\" class=\"attachment-large size-large wp-image-1812\" alt=\"\" \/>\t\t\t\t\t\t\t\t\t\t\t\t\t\t\t<\/div>\n\t\t\t\t<\/div>\n\t\t\t\t\t<\/div>\n\t\t<\/div>\n\t\t\t\t<div class=\"aux-parallax-section elementor-column elementor-col-50 elementor-top-column elementor-element elementor-element-b3c603b\" data-id=\"b3c603b\" data-element_type=\"column\" data-e-type=\"column\">\n\t\t\t<div class=\"elementor-widget-wrap elementor-element-populated\">\n\t\t\t\t\t\t<div class=\"elementor-element elementor-element-f9685a3 elementor-widget elementor-widget-text-editor\" data-id=\"f9685a3\" data-element_type=\"widget\" data-e-type=\"widget\" data-widget_type=\"text-editor.default\">\n\t\t\t\t<div class=\"elementor-widget-container\">\n\t\t\t\t\t\t\t\t\t<p style=\"text-align: left;\">In the professional segment we focus on meeting the needs of specialized workshops, offering putties, primers, colors, bases, clears and other auxiliary products designed specifically for the automotive body parts and repainting industry.<\/p><p style=\"text-align: left;\">The preference and trust of our\u00a0<b>clients<\/b>\u00a0towards us is based on the outstanding track record of our brands, the outstanding quality of our products and the continuous support of a specialized technical service that enhances the experience of each user.<\/p><p style=\"text-align: left;\">Our product's\u00a0<b>users<\/b>\u00a0choose us for our variety, quality and proximity. They trust our products because they have been specifically designed to meet their highest expectations.<\/p><p style=\"text-align: left;\">The Automotive Painting Business Unit specializes in providing high-performance solutions for each stage of the vehicle repair and beautification process, accompanied by a highly trained technical service, which together provide productivity, performance and durable finishes over time.<\/p><p>\u00a0<\/p>\t\t\t\t\t\t\t\t<\/div>\n\t\t\t\t<\/div>\n\t\t\t\t\t<\/div>\n\t\t<\/div>\n\t\t\t\t\t<\/div>\n\t\t<\/section>\n\t\t\t\t<\/div>","protected":false},"excerpt":{"rendered":"<p>Pinturas automotor Nuestras pinturas La Unidad de Negocio de Pintura Automotor es una divisi\u00f3n dedicada a la producci\u00f3n y distribuci\u00f3n de recubrimientos y accesorios de alto rendimiento para el repintado y cuidado de todo tipo de veh\u00edculos.\u00a0 Nos\u00a0destacamos\u00a0por nuestra capacidad de identificar y desarrollar productos, que atienden tanto las necesidades del segmento dedicado al cuidado [&hellip;]<\/p>\n","protected":false},"author":3,"featured_media":0,"parent":0,"menu_order":0,"comment_status":"closed","ping_status":"closed","template":"","meta":{"footnotes":""},"class_list":["post-1634","page","type-page","status-publish","hentry"],"yoast_head":"<!-- This site is optimized with the Yoast SEO plugin v27.5 - https:\/\/yoast.com\/product\/yoast-seo-wordpress\/ -->\n<title>Pinturas Automotor - Grupo Disal<\/title>\n<meta name=\"robots\" content=\"index, follow, max-snippet:-1, max-image-preview:large, max-video-preview:-1\" \/>\n<link rel=\"canonical\" href=\"https:\/\/grupodisal.com.ar\/en\/pinturas-automotor\/\" \/>\n<meta property=\"og:locale\" content=\"en_US\" \/>\n<meta property=\"og:type\" content=\"article\" \/>\n<meta property=\"og:title\" content=\"Pinturas Automotor - Grupo Disal\" \/>\n<meta property=\"og:description\" content=\"Pinturas automotor Nuestras pinturas La Unidad de Negocio de Pintura Automotor es una divisi\u00f3n dedicada a la producci\u00f3n y distribuci\u00f3n de recubrimientos y accesorios de alto rendimiento para el repintado y cuidado de todo tipo de veh\u00edculos.\u00a0 Nos\u00a0destacamos\u00a0por nuestra capacidad de identificar y desarrollar productos, que atienden tanto las necesidades del segmento dedicado al cuidado [&hellip;]\" \/>\n<meta property=\"og:url\" content=\"https:\/\/grupodisal.com.ar\/en\/pinturas-automotor\/\" \/>\n<meta property=\"og:site_name\" content=\"Grupo Disal\" \/>\n<meta property=\"article:modified_time\" content=\"2024-06-26T14:53:54+00:00\" \/>\n<meta property=\"og:image\" content=\"https:\/\/grupodisal.com.ar\/wp-content\/uploads\/2023\/12\/Negocios.-Pinturas-Automotor-2.jpg\" \/>\n<meta name=\"twitter:card\" content=\"summary_large_image\" \/>\n<meta name=\"twitter:label1\" content=\"Est. reading time\" \/>\n\t<meta name=\"twitter:data1\" content=\"2 minutes\" \/>\n<script type=\"application\/ld+json\" class=\"yoast-schema-graph\">{\"@context\":\"https:\\\/\\\/schema.org\",\"@graph\":[{\"@type\":\"WebPage\",\"@id\":\"https:\\\/\\\/grupodisal.com.ar\\\/pinturas-automotor\\\/\",\"url\":\"https:\\\/\\\/grupodisal.com.ar\\\/pinturas-automotor\\\/\",\"name\":\"Pinturas Automotor - Grupo Disal\",\"isPartOf\":{\"@id\":\"https:\\\/\\\/grupodisal.com.ar\\\/#website\"},\"primaryImageOfPage\":{\"@id\":\"https:\\\/\\\/grupodisal.com.ar\\\/pinturas-automotor\\\/#primaryimage\"},\"image\":{\"@id\":\"https:\\\/\\\/grupodisal.com.ar\\\/pinturas-automotor\\\/#primaryimage\"},\"thumbnailUrl\":\"https:\\\/\\\/grupodisal.com.ar\\\/wp-content\\\/uploads\\\/2023\\\/12\\\/Negocios.-Pinturas-Automotor-2.jpg\",\"datePublished\":\"2024-05-31T19:29:29+00:00\",\"dateModified\":\"2024-06-26T14:53:54+00:00\",\"breadcrumb\":{\"@id\":\"https:\\\/\\\/grupodisal.com.ar\\\/pinturas-automotor\\\/#breadcrumb\"},\"inLanguage\":\"en-US\",\"potentialAction\":[{\"@type\":\"ReadAction\",\"target\":[\"https:\\\/\\\/grupodisal.com.ar\\\/pinturas-automotor\\\/\"]}]},{\"@type\":\"ImageObject\",\"inLanguage\":\"en-US\",\"@id\":\"https:\\\/\\\/grupodisal.com.ar\\\/pinturas-automotor\\\/#primaryimage\",\"url\":\"https:\\\/\\\/grupodisal.com.ar\\\/wp-content\\\/uploads\\\/2023\\\/12\\\/Negocios.-Pinturas-Automotor-2.jpg\",\"contentUrl\":\"https:\\\/\\\/grupodisal.com.ar\\\/wp-content\\\/uploads\\\/2023\\\/12\\\/Negocios.-Pinturas-Automotor-2.jpg\"},{\"@type\":\"BreadcrumbList\",\"@id\":\"https:\\\/\\\/grupodisal.com.ar\\\/pinturas-automotor\\\/#breadcrumb\",\"itemListElement\":[{\"@type\":\"ListItem\",\"position\":1,\"name\":\"Portada\",\"item\":\"https:\\\/\\\/grupodisal.com.ar\\\/\"},{\"@type\":\"ListItem\",\"position\":2,\"name\":\"Pinturas Automotor\"}]},{\"@type\":\"WebSite\",\"@id\":\"https:\\\/\\\/grupodisal.com.ar\\\/#website\",\"url\":\"https:\\\/\\\/grupodisal.com.ar\\\/\",\"name\":\"Grupo Disal\",\"description\":\"\",\"publisher\":{\"@id\":\"https:\\\/\\\/grupodisal.com.ar\\\/#organization\"},\"potentialAction\":[{\"@type\":\"SearchAction\",\"target\":{\"@type\":\"EntryPoint\",\"urlTemplate\":\"https:\\\/\\\/grupodisal.com.ar\\\/?s={search_term_string}\"},\"query-input\":{\"@type\":\"PropertyValueSpecification\",\"valueRequired\":true,\"valueName\":\"search_term_string\"}}],\"inLanguage\":\"en-US\"},{\"@type\":\"Organization\",\"@id\":\"https:\\\/\\\/grupodisal.com.ar\\\/#organization\",\"name\":\"Grupo Disal\",\"url\":\"https:\\\/\\\/grupodisal.com.ar\\\/\",\"logo\":{\"@type\":\"ImageObject\",\"inLanguage\":\"en-US\",\"@id\":\"https:\\\/\\\/grupodisal.com.ar\\\/#\\\/schema\\\/logo\\\/image\\\/\",\"url\":\"https:\\\/\\\/grupodisal.com.ar\\\/wp-content\\\/uploads\\\/2023\\\/11\\\/cropped-favicon-01.jpg\",\"contentUrl\":\"https:\\\/\\\/grupodisal.com.ar\\\/wp-content\\\/uploads\\\/2023\\\/11\\\/cropped-favicon-01.jpg\",\"width\":512,\"height\":512,\"caption\":\"Grupo Disal\"},\"image\":{\"@id\":\"https:\\\/\\\/grupodisal.com.ar\\\/#\\\/schema\\\/logo\\\/image\\\/\"}}]}<\/script>\n<!-- \/ Yoast SEO plugin. -->","yoast_head_json":{"title":"Pinturas Automotor - Grupo Disal","robots":{"index":"index","follow":"follow","max-snippet":"max-snippet:-1","max-image-preview":"max-image-preview:large","max-video-preview":"max-video-preview:-1"},"canonical":"https:\/\/grupodisal.com.ar\/en\/pinturas-automotor\/","og_locale":"en_US","og_type":"article","og_title":"Pinturas Automotor - Grupo Disal","og_description":"Pinturas automotor Nuestras pinturas La Unidad de Negocio de Pintura Automotor es una divisi\u00f3n dedicada a la producci\u00f3n y distribuci\u00f3n de recubrimientos y accesorios de alto rendimiento para el repintado y cuidado de todo tipo de veh\u00edculos.\u00a0 Nos\u00a0destacamos\u00a0por nuestra capacidad de identificar y desarrollar productos, que atienden tanto las necesidades del segmento dedicado al cuidado [&hellip;]","og_url":"https:\/\/grupodisal.com.ar\/en\/pinturas-automotor\/","og_site_name":"Grupo Disal","article_modified_time":"2024-06-26T14:53:54+00:00","og_image":[{"url":"https:\/\/grupodisal.com.ar\/wp-content\/uploads\/2023\/12\/Negocios.-Pinturas-Automotor-2.jpg","type":"","width":"","height":""}],"twitter_card":"summary_large_image","twitter_misc":{"Est. reading time":"2 minutes"},"schema":{"@context":"https:\/\/schema.org","@graph":[{"@type":"WebPage","@id":"https:\/\/grupodisal.com.ar\/pinturas-automotor\/","url":"https:\/\/grupodisal.com.ar\/pinturas-automotor\/","name":"Pinturas Automotor - Grupo Disal","isPartOf":{"@id":"https:\/\/grupodisal.com.ar\/#website"},"primaryImageOfPage":{"@id":"https:\/\/grupodisal.com.ar\/pinturas-automotor\/#primaryimage"},"image":{"@id":"https:\/\/grupodisal.com.ar\/pinturas-automotor\/#primaryimage"},"thumbnailUrl":"https:\/\/grupodisal.com.ar\/wp-content\/uploads\/2023\/12\/Negocios.-Pinturas-Automotor-2.jpg","datePublished":"2024-05-31T19:29:29+00:00","dateModified":"2024-06-26T14:53:54+00:00","breadcrumb":{"@id":"https:\/\/grupodisal.com.ar\/pinturas-automotor\/#breadcrumb"},"inLanguage":"en-US","potentialAction":[{"@type":"ReadAction","target":["https:\/\/grupodisal.com.ar\/pinturas-automotor\/"]}]},{"@type":"ImageObject","inLanguage":"en-US","@id":"https:\/\/grupodisal.com.ar\/pinturas-automotor\/#primaryimage","url":"https:\/\/grupodisal.com.ar\/wp-content\/uploads\/2023\/12\/Negocios.-Pinturas-Automotor-2.jpg","contentUrl":"https:\/\/grupodisal.com.ar\/wp-content\/uploads\/2023\/12\/Negocios.-Pinturas-Automotor-2.jpg"},{"@type":"BreadcrumbList","@id":"https:\/\/grupodisal.com.ar\/pinturas-automotor\/#breadcrumb","itemListElement":[{"@type":"ListItem","position":1,"name":"Portada","item":"https:\/\/grupodisal.com.ar\/"},{"@type":"ListItem","position":2,"name":"Pinturas Automotor"}]},{"@type":"WebSite","@id":"https:\/\/grupodisal.com.ar\/#website","url":"https:\/\/grupodisal.com.ar\/","name":"Grupo Disal","description":"","publisher":{"@id":"https:\/\/grupodisal.com.ar\/#organization"},"potentialAction":[{"@type":"SearchAction","target":{"@type":"EntryPoint","urlTemplate":"https:\/\/grupodisal.com.ar\/?s={search_term_string}"},"query-input":{"@type":"PropertyValueSpecification","valueRequired":true,"valueName":"search_term_string"}}],"inLanguage":"en-US"},{"@type":"Organization","@id":"https:\/\/grupodisal.com.ar\/#organization","name":"Grupo Disal","url":"https:\/\/grupodisal.com.ar\/","logo":{"@type":"ImageObject","inLanguage":"en-US","@id":"https:\/\/grupodisal.com.ar\/#\/schema\/logo\/image\/","url":"https:\/\/grupodisal.com.ar\/wp-content\/uploads\/2023\/11\/cropped-favicon-01.jpg","contentUrl":"https:\/\/grupodisal.com.ar\/wp-content\/uploads\/2023\/11\/cropped-favicon-01.jpg","width":512,"height":512,"caption":"Grupo Disal"},"image":{"@id":"https:\/\/grupodisal.com.ar\/#\/schema\/logo\/image\/"}}]}},"_links":{"self":[{"href":"https:\/\/grupodisal.com.ar\/en\/wp-json\/wp\/v2\/pages\/1634","targetHints":{"allow":["GET"]}}],"collection":[{"href":"https:\/\/grupodisal.com.ar\/en\/wp-json\/wp\/v2\/pages"}],"about":[{"href":"https:\/\/grupodisal.com.ar\/en\/wp-json\/wp\/v2\/types\/page"}],"author":[{"embeddable":true,"href":"https:\/\/grupodisal.com.ar\/en\/wp-json\/wp\/v2\/users\/3"}],"replies":[{"embeddable":true,"href":"https:\/\/grupodisal.com.ar\/en\/wp-json\/wp\/v2\/comments?post=1634"}],"version-history":[{"count":16,"href":"https:\/\/grupodisal.com.ar\/en\/wp-json\/wp\/v2\/pages\/1634\/revisions"}],"predecessor-version":[{"id":1825,"href":"https:\/\/grupodisal.com.ar\/en\/wp-json\/wp\/v2\/pages\/1634\/revisions\/1825"}],"wp:attachment":[{"href":"https:\/\/grupodisal.com.ar\/en\/wp-json\/wp\/v2\/media?parent=1634"}],"curies":[{"name":"wp","href":"https:\/\/api.w.org\/{rel}","templated":true}]}}