{"id":1626,"date":"2024-05-31T16:25:06","date_gmt":"2024-05-31T19:25:06","guid":{"rendered":"https:\/\/grupodisal.com.ar\/?page_id=1626"},"modified":"2024-06-26T11:42:30","modified_gmt":"2024-06-26T14:42:30","slug":"pinturas-industriales","status":"publish","type":"page","link":"https:\/\/grupodisal.com.ar\/en\/pinturas-industriales\/","title":{"rendered":"Industrial Paints"},"content":{"rendered":"<div data-elementor-type=\"wp-page\" data-elementor-id=\"1626\" class=\"elementor elementor-1626\">\n\t\t\t\t\t\t<section class=\"elementor-section elementor-top-section elementor-element elementor-element-7c89838d elementor-section-stretched elementor-section-height-min-height elementor-section-boxed elementor-section-height-default elementor-section-items-middle\" data-id=\"7c89838d\" data-element_type=\"section\" data-e-type=\"section\" data-settings=\"{&quot;stretch_section&quot;:&quot;section-stretched&quot;,&quot;background_background&quot;:&quot;classic&quot;}\">\n\t\t\t\t\t\t\t<div class=\"elementor-background-overlay\"><\/div>\n\t\t\t\t\t\t\t<div class=\"elementor-container elementor-column-gap-default\">\n\t\t\t\t\t<div class=\"aux-parallax-section elementor-column elementor-col-100 elementor-top-column elementor-element elementor-element-1ed9400\" data-id=\"1ed9400\" data-element_type=\"column\" data-e-type=\"column\">\n\t\t\t<div class=\"elementor-widget-wrap elementor-element-populated\">\n\t\t\t\t\t\t<div class=\"elementor-element elementor-element-72c0ae43 aux-appear-watch-animation aux-fade-in-up elementor-widget elementor-widget-aux_modern_heading\" data-id=\"72c0ae43\" data-element_type=\"widget\" data-e-type=\"widget\" data-widget_type=\"aux_modern_heading.default\">\n\t\t\t\t<div class=\"elementor-widget-container\">\n\t\t\t\t\t<section class=\"aux-widget-modern-heading\">\n            <div class=\"aux-widget-inner\"><h2 class=\"aux-modern-heading-primary\"><\/h2><h3 class=\"aux-modern-heading-secondary\"><span class=\"aux-head-before\">Industrial paints<\/span><\/h3><div class=\"aux-modern-heading-divider\"><\/div><\/div>\n        <\/section>\t\t\t\t<\/div>\n\t\t\t\t<\/div>\n\t\t\t\t\t<\/div>\n\t\t<\/div>\n\t\t\t\t\t<\/div>\n\t\t<\/section>\n\t\t\t\t<section class=\"elementor-section elementor-top-section elementor-element elementor-element-14b67448 elementor-section-stretched elementor-section-boxed elementor-section-height-default elementor-section-height-default\" data-id=\"14b67448\" data-element_type=\"section\" data-e-type=\"section\" data-settings=\"{&quot;stretch_section&quot;:&quot;section-stretched&quot;}\">\n\t\t\t\t\t\t<div class=\"elementor-container elementor-column-gap-default\">\n\t\t\t\t\t<div class=\"aux-parallax-section elementor-column elementor-col-50 elementor-top-column elementor-element elementor-element-3fd2bef\" data-id=\"3fd2bef\" data-element_type=\"column\" data-e-type=\"column\">\n\t\t\t<div class=\"elementor-widget-wrap elementor-element-populated\">\n\t\t\t\t\t\t<div class=\"elementor-element elementor-element-b9af32a elementor-widget elementor-widget-image\" data-id=\"b9af32a\" data-element_type=\"widget\" data-e-type=\"widget\" data-widget_type=\"image.default\">\n\t\t\t\t<div class=\"elementor-widget-container\">\n\t\t\t\t\t\t\t\t\t\t\t\t\t\t\t<img fetchpriority=\"high\" decoding=\"async\" width=\"1440\" height=\"960\" src=\"https:\/\/grupodisal.com.ar\/wp-content\/uploads\/2023\/12\/Negocios.-Pinturas-Industriales-2-1.jpg\" class=\"attachment-full size-full wp-image-1209\" alt=\"\" srcset=\"https:\/\/grupodisal.com.ar\/wp-content\/uploads\/2023\/12\/Negocios.-Pinturas-Industriales-2-1.jpg 1440w, https:\/\/grupodisal.com.ar\/wp-content\/uploads\/2023\/12\/Negocios.-Pinturas-Industriales-2-1-200x133.jpg 200w\" sizes=\"(max-width: 1440px) 100vw, 1440px\" \/>\t\t\t\t\t\t\t\t\t\t\t\t\t\t\t<\/div>\n\t\t\t\t<\/div>\n\t\t\t\t\t<\/div>\n\t\t<\/div>\n\t\t\t\t<div class=\"aux-parallax-section elementor-column elementor-col-50 elementor-top-column elementor-element elementor-element-79aa078\" data-id=\"79aa078\" data-element_type=\"column\" data-e-type=\"column\">\n\t\t\t<div class=\"elementor-widget-wrap elementor-element-populated\">\n\t\t\t\t\t\t<div class=\"elementor-element elementor-element-cd3b963 aux-appear-watch-animation aux-fade-in-up elementor-widget elementor-widget-aux_modern_heading\" data-id=\"cd3b963\" data-element_type=\"widget\" data-e-type=\"widget\" data-widget_type=\"aux_modern_heading.default\">\n\t\t\t\t<div class=\"elementor-widget-container\">\n\t\t\t\t\t<section class=\"aux-widget-modern-heading\">\n            <div class=\"aux-widget-inner\"><h2 class=\"aux-modern-heading-primary\"><\/h2><h3 class=\"aux-modern-heading-secondary\"><span class=\"aux-head-before\">Our paintings<\/span><\/h3><div class=\"aux-modern-heading-divider\"><\/div><\/div>\n        <\/section>\t\t\t\t<\/div>\n\t\t\t\t<\/div>\n\t\t\t\t<div class=\"elementor-element elementor-element-6d5e1bf0 elementor-widget elementor-widget-text-editor\" data-id=\"6d5e1bf0\" data-element_type=\"widget\" data-e-type=\"widget\" data-widget_type=\"text-editor.default\">\n\t\t\t\t<div class=\"elementor-widget-container\">\n\t\t\t\t\t\t\t\t\t<p style=\"text-align: left;\">The Industrial Paints Business Unit represents a specialized section dedicated to the production and distribution of high-performance coatings designed exclusively for industrial applications.<\/p><p style=\"text-align: left;\">We\u00a0<b>excel<\/b>\u00a0because of our portfolio's variety, which covers a wide range of products adapted to various applications and industrial segments.<\/p><p style=\"text-align: left;\">\u00a0We offer a personalized technical service, supported by specialized advisors in the sector and experts in our clients&#039; production processes. In addition, we have the support of our own Research and Development Department, with a laboratory that provides support on par with the business.\u00a0<\/p><p style=\"text-align: left;\">We are in permanent contact with market trends, detecting opportunities for improvement to develop products tailored to the needs of our clients. We have the ability to strategically manage the development of new products from their conception and design to the industrialization process.<\/p>\t\t\t\t\t\t\t\t<\/div>\n\t\t\t\t<\/div>\n\t\t\t\t\t<\/div>\n\t\t<\/div>\n\t\t\t\t\t<\/div>\n\t\t<\/section>\n\t\t\t\t<section class=\"elementor-section elementor-top-section elementor-element elementor-element-0b6d3ac elementor-section-stretched elementor-section-boxed elementor-section-height-default elementor-section-height-default\" data-id=\"0b6d3ac\" data-element_type=\"section\" data-e-type=\"section\" data-settings=\"{&quot;stretch_section&quot;:&quot;section-stretched&quot;}\">\n\t\t\t\t\t\t<div class=\"elementor-container elementor-column-gap-default\">\n\t\t\t\t\t<div class=\"aux-parallax-section elementor-column elementor-col-50 elementor-top-column elementor-element elementor-element-73cfaa9\" data-id=\"73cfaa9\" data-element_type=\"column\" data-e-type=\"column\">\n\t\t\t<div class=\"elementor-widget-wrap elementor-element-populated\">\n\t\t\t\t\t\t<div class=\"elementor-element elementor-element-927eafb elementor-widget elementor-widget-image\" data-id=\"927eafb\" data-element_type=\"widget\" data-e-type=\"widget\" data-widget_type=\"image.default\">\n\t\t\t\t<div class=\"elementor-widget-container\">\n\t\t\t\t\t\t\t\t\t\t\t\t\t\t\t<img decoding=\"async\" width=\"1500\" height=\"998\" src=\"https:\/\/grupodisal.com.ar\/wp-content\/uploads\/2024\/06\/shutterstock_2221352801-1.jpg\" class=\"attachment-full size-full wp-image-1805\" alt=\"\" srcset=\"https:\/\/grupodisal.com.ar\/wp-content\/uploads\/2024\/06\/shutterstock_2221352801-1.jpg 1500w, https:\/\/grupodisal.com.ar\/wp-content\/uploads\/2024\/06\/shutterstock_2221352801-1-18x12.jpg 18w, https:\/\/grupodisal.com.ar\/wp-content\/uploads\/2024\/06\/shutterstock_2221352801-1-200x133.jpg 200w\" sizes=\"(max-width: 1500px) 100vw, 1500px\" \/>\t\t\t\t\t\t\t\t\t\t\t\t\t\t\t<\/div>\n\t\t\t\t<\/div>\n\t\t\t\t\t<\/div>\n\t\t<\/div>\n\t\t\t\t<div class=\"aux-parallax-section elementor-column elementor-col-50 elementor-top-column elementor-element elementor-element-b3c603b\" data-id=\"b3c603b\" data-element_type=\"column\" data-e-type=\"column\">\n\t\t\t<div class=\"elementor-widget-wrap elementor-element-populated\">\n\t\t\t\t\t\t<div class=\"elementor-element elementor-element-f9685a3 elementor-widget elementor-widget-text-editor\" data-id=\"f9685a3\" data-element_type=\"widget\" data-e-type=\"widget\" data-widget_type=\"text-editor.default\">\n\t\t\t\t<div class=\"elementor-widget-container\">\n\t\t\t\t\t\t\t\t\t<p style=\"text-align: left;\">Our\u00a0<b>Products<\/b>\u00a0are combined to adapt to different needs. We stand out for offering a multiplicity of solutions according to the demands of each client. The products are recognized for offering highly productive and high-performance painting schemes.<\/p><p style=\"text-align: left;\">Our\u00a0<b>Clients<\/b>\u00a0find technical and high-performance solutions for different industrial segments, contributing to the durability and preservation of machinery and facilities in critical industrial applications. In addition, we have the experience and a solid commitment to satisfy the broadest needs.<\/p><p style=\"text-align: left;\">Our product's\u00a0<b>users<\/b>\u00a0of our products trust us because they know that the quality and performance of these coatings were developed focused on meeting the highest performance and demands.<\/p><p style=\"text-align: left;\">In summary, the Industrial Paints Business Unit is distinguished by providing detailed, high-performance solutions to meet the demands of coatings for different types of industries, accompanied by a highly specialized technical service, which together provide reliability. , resistance, productivity and durable finishes over time.<\/p>\t\t\t\t\t\t\t\t<\/div>\n\t\t\t\t<\/div>\n\t\t\t\t\t<\/div>\n\t\t<\/div>\n\t\t\t\t\t<\/div>\n\t\t<\/section>\n\t\t\t\t<\/div>","protected":false},"excerpt":{"rendered":"<p>Pinturas industriales Nuestras pinturas La Unidad de Negocio de Pinturas Industriales representa una secci\u00f3n especializada dedicada a la producci\u00f3n y distribuci\u00f3n de recubrimientos de alta performance dise\u00f1ados en forma exclusiva para aplicaciones industriales. Nos\u00a0destacamos\u00a0por la variedad de nuestro portfolio, que abarca una amplia gama de productos adaptados a diversas aplicaciones y segmentos industriales. \u00a0Ofrecemos un [&hellip;]<\/p>\n","protected":false},"author":3,"featured_media":0,"parent":0,"menu_order":0,"comment_status":"closed","ping_status":"closed","template":"","meta":{"footnotes":""},"class_list":["post-1626","page","type-page","status-publish","hentry"],"yoast_head":"<!-- This site is optimized with the Yoast SEO plugin v27.5 - https:\/\/yoast.com\/product\/yoast-seo-wordpress\/ -->\n<title>Pinturas Industriales - Grupo Disal<\/title>\n<meta name=\"robots\" content=\"index, follow, max-snippet:-1, max-image-preview:large, max-video-preview:-1\" \/>\n<link rel=\"canonical\" href=\"https:\/\/grupodisal.com.ar\/en\/pinturas-industriales\/\" \/>\n<meta property=\"og:locale\" content=\"en_US\" \/>\n<meta property=\"og:type\" content=\"article\" \/>\n<meta property=\"og:title\" content=\"Pinturas Industriales - Grupo Disal\" \/>\n<meta property=\"og:description\" content=\"Pinturas industriales Nuestras pinturas La Unidad de Negocio de Pinturas Industriales representa una secci\u00f3n especializada dedicada a la producci\u00f3n y distribuci\u00f3n de recubrimientos de alta performance dise\u00f1ados en forma exclusiva para aplicaciones industriales. Nos\u00a0destacamos\u00a0por la variedad de nuestro portfolio, que abarca una amplia gama de productos adaptados a diversas aplicaciones y segmentos industriales. \u00a0Ofrecemos un [&hellip;]\" \/>\n<meta property=\"og:url\" content=\"https:\/\/grupodisal.com.ar\/en\/pinturas-industriales\/\" \/>\n<meta property=\"og:site_name\" content=\"Grupo Disal\" \/>\n<meta property=\"article:modified_time\" content=\"2024-06-26T14:42:30+00:00\" \/>\n<meta property=\"og:image\" content=\"https:\/\/grupodisal.com.ar\/wp-content\/uploads\/2023\/12\/Negocios.-Pinturas-Industriales-2-1.jpg\" \/>\n<meta name=\"twitter:card\" content=\"summary_large_image\" \/>\n<meta name=\"twitter:label1\" content=\"Est. reading time\" \/>\n\t<meta name=\"twitter:data1\" content=\"2 minutes\" \/>\n<script type=\"application\/ld+json\" class=\"yoast-schema-graph\">{\"@context\":\"https:\\\/\\\/schema.org\",\"@graph\":[{\"@type\":\"WebPage\",\"@id\":\"https:\\\/\\\/grupodisal.com.ar\\\/pinturas-industriales\\\/\",\"url\":\"https:\\\/\\\/grupodisal.com.ar\\\/pinturas-industriales\\\/\",\"name\":\"Pinturas Industriales - Grupo Disal\",\"isPartOf\":{\"@id\":\"https:\\\/\\\/grupodisal.com.ar\\\/#website\"},\"primaryImageOfPage\":{\"@id\":\"https:\\\/\\\/grupodisal.com.ar\\\/pinturas-industriales\\\/#primaryimage\"},\"image\":{\"@id\":\"https:\\\/\\\/grupodisal.com.ar\\\/pinturas-industriales\\\/#primaryimage\"},\"thumbnailUrl\":\"https:\\\/\\\/grupodisal.com.ar\\\/wp-content\\\/uploads\\\/2023\\\/12\\\/Negocios.-Pinturas-Industriales-2-1.jpg\",\"datePublished\":\"2024-05-31T19:25:06+00:00\",\"dateModified\":\"2024-06-26T14:42:30+00:00\",\"breadcrumb\":{\"@id\":\"https:\\\/\\\/grupodisal.com.ar\\\/pinturas-industriales\\\/#breadcrumb\"},\"inLanguage\":\"en-US\",\"potentialAction\":[{\"@type\":\"ReadAction\",\"target\":[\"https:\\\/\\\/grupodisal.com.ar\\\/pinturas-industriales\\\/\"]}]},{\"@type\":\"ImageObject\",\"inLanguage\":\"en-US\",\"@id\":\"https:\\\/\\\/grupodisal.com.ar\\\/pinturas-industriales\\\/#primaryimage\",\"url\":\"https:\\\/\\\/grupodisal.com.ar\\\/wp-content\\\/uploads\\\/2023\\\/12\\\/Negocios.-Pinturas-Industriales-2-1.jpg\",\"contentUrl\":\"https:\\\/\\\/grupodisal.com.ar\\\/wp-content\\\/uploads\\\/2023\\\/12\\\/Negocios.-Pinturas-Industriales-2-1.jpg\"},{\"@type\":\"BreadcrumbList\",\"@id\":\"https:\\\/\\\/grupodisal.com.ar\\\/pinturas-industriales\\\/#breadcrumb\",\"itemListElement\":[{\"@type\":\"ListItem\",\"position\":1,\"name\":\"Portada\",\"item\":\"https:\\\/\\\/grupodisal.com.ar\\\/\"},{\"@type\":\"ListItem\",\"position\":2,\"name\":\"Pinturas Industriales\"}]},{\"@type\":\"WebSite\",\"@id\":\"https:\\\/\\\/grupodisal.com.ar\\\/#website\",\"url\":\"https:\\\/\\\/grupodisal.com.ar\\\/\",\"name\":\"Grupo Disal\",\"description\":\"\",\"publisher\":{\"@id\":\"https:\\\/\\\/grupodisal.com.ar\\\/#organization\"},\"potentialAction\":[{\"@type\":\"SearchAction\",\"target\":{\"@type\":\"EntryPoint\",\"urlTemplate\":\"https:\\\/\\\/grupodisal.com.ar\\\/?s={search_term_string}\"},\"query-input\":{\"@type\":\"PropertyValueSpecification\",\"valueRequired\":true,\"valueName\":\"search_term_string\"}}],\"inLanguage\":\"en-US\"},{\"@type\":\"Organization\",\"@id\":\"https:\\\/\\\/grupodisal.com.ar\\\/#organization\",\"name\":\"Grupo Disal\",\"url\":\"https:\\\/\\\/grupodisal.com.ar\\\/\",\"logo\":{\"@type\":\"ImageObject\",\"inLanguage\":\"en-US\",\"@id\":\"https:\\\/\\\/grupodisal.com.ar\\\/#\\\/schema\\\/logo\\\/image\\\/\",\"url\":\"https:\\\/\\\/grupodisal.com.ar\\\/wp-content\\\/uploads\\\/2023\\\/11\\\/cropped-favicon-01.jpg\",\"contentUrl\":\"https:\\\/\\\/grupodisal.com.ar\\\/wp-content\\\/uploads\\\/2023\\\/11\\\/cropped-favicon-01.jpg\",\"width\":512,\"height\":512,\"caption\":\"Grupo Disal\"},\"image\":{\"@id\":\"https:\\\/\\\/grupodisal.com.ar\\\/#\\\/schema\\\/logo\\\/image\\\/\"}}]}<\/script>\n<!-- \/ Yoast SEO plugin. -->","yoast_head_json":{"title":"Pinturas Industriales - Grupo Disal","robots":{"index":"index","follow":"follow","max-snippet":"max-snippet:-1","max-image-preview":"max-image-preview:large","max-video-preview":"max-video-preview:-1"},"canonical":"https:\/\/grupodisal.com.ar\/en\/pinturas-industriales\/","og_locale":"en_US","og_type":"article","og_title":"Pinturas Industriales - Grupo Disal","og_description":"Pinturas industriales Nuestras pinturas La Unidad de Negocio de Pinturas Industriales representa una secci\u00f3n especializada dedicada a la producci\u00f3n y distribuci\u00f3n de recubrimientos de alta performance dise\u00f1ados en forma exclusiva para aplicaciones industriales. Nos\u00a0destacamos\u00a0por la variedad de nuestro portfolio, que abarca una amplia gama de productos adaptados a diversas aplicaciones y segmentos industriales. \u00a0Ofrecemos un [&hellip;]","og_url":"https:\/\/grupodisal.com.ar\/en\/pinturas-industriales\/","og_site_name":"Grupo Disal","article_modified_time":"2024-06-26T14:42:30+00:00","og_image":[{"url":"https:\/\/grupodisal.com.ar\/wp-content\/uploads\/2023\/12\/Negocios.-Pinturas-Industriales-2-1.jpg","type":"","width":"","height":""}],"twitter_card":"summary_large_image","twitter_misc":{"Est. reading time":"2 minutes"},"schema":{"@context":"https:\/\/schema.org","@graph":[{"@type":"WebPage","@id":"https:\/\/grupodisal.com.ar\/pinturas-industriales\/","url":"https:\/\/grupodisal.com.ar\/pinturas-industriales\/","name":"Pinturas Industriales - Grupo Disal","isPartOf":{"@id":"https:\/\/grupodisal.com.ar\/#website"},"primaryImageOfPage":{"@id":"https:\/\/grupodisal.com.ar\/pinturas-industriales\/#primaryimage"},"image":{"@id":"https:\/\/grupodisal.com.ar\/pinturas-industriales\/#primaryimage"},"thumbnailUrl":"https:\/\/grupodisal.com.ar\/wp-content\/uploads\/2023\/12\/Negocios.-Pinturas-Industriales-2-1.jpg","datePublished":"2024-05-31T19:25:06+00:00","dateModified":"2024-06-26T14:42:30+00:00","breadcrumb":{"@id":"https:\/\/grupodisal.com.ar\/pinturas-industriales\/#breadcrumb"},"inLanguage":"en-US","potentialAction":[{"@type":"ReadAction","target":["https:\/\/grupodisal.com.ar\/pinturas-industriales\/"]}]},{"@type":"ImageObject","inLanguage":"en-US","@id":"https:\/\/grupodisal.com.ar\/pinturas-industriales\/#primaryimage","url":"https:\/\/grupodisal.com.ar\/wp-content\/uploads\/2023\/12\/Negocios.-Pinturas-Industriales-2-1.jpg","contentUrl":"https:\/\/grupodisal.com.ar\/wp-content\/uploads\/2023\/12\/Negocios.-Pinturas-Industriales-2-1.jpg"},{"@type":"BreadcrumbList","@id":"https:\/\/grupodisal.com.ar\/pinturas-industriales\/#breadcrumb","itemListElement":[{"@type":"ListItem","position":1,"name":"Portada","item":"https:\/\/grupodisal.com.ar\/"},{"@type":"ListItem","position":2,"name":"Pinturas Industriales"}]},{"@type":"WebSite","@id":"https:\/\/grupodisal.com.ar\/#website","url":"https:\/\/grupodisal.com.ar\/","name":"Grupo Disal","description":"","publisher":{"@id":"https:\/\/grupodisal.com.ar\/#organization"},"potentialAction":[{"@type":"SearchAction","target":{"@type":"EntryPoint","urlTemplate":"https:\/\/grupodisal.com.ar\/?s={search_term_string}"},"query-input":{"@type":"PropertyValueSpecification","valueRequired":true,"valueName":"search_term_string"}}],"inLanguage":"en-US"},{"@type":"Organization","@id":"https:\/\/grupodisal.com.ar\/#organization","name":"Grupo Disal","url":"https:\/\/grupodisal.com.ar\/","logo":{"@type":"ImageObject","inLanguage":"en-US","@id":"https:\/\/grupodisal.com.ar\/#\/schema\/logo\/image\/","url":"https:\/\/grupodisal.com.ar\/wp-content\/uploads\/2023\/11\/cropped-favicon-01.jpg","contentUrl":"https:\/\/grupodisal.com.ar\/wp-content\/uploads\/2023\/11\/cropped-favicon-01.jpg","width":512,"height":512,"caption":"Grupo Disal"},"image":{"@id":"https:\/\/grupodisal.com.ar\/#\/schema\/logo\/image\/"}}]}},"_links":{"self":[{"href":"https:\/\/grupodisal.com.ar\/en\/wp-json\/wp\/v2\/pages\/1626","targetHints":{"allow":["GET"]}}],"collection":[{"href":"https:\/\/grupodisal.com.ar\/en\/wp-json\/wp\/v2\/pages"}],"about":[{"href":"https:\/\/grupodisal.com.ar\/en\/wp-json\/wp\/v2\/types\/page"}],"author":[{"embeddable":true,"href":"https:\/\/grupodisal.com.ar\/en\/wp-json\/wp\/v2\/users\/3"}],"replies":[{"embeddable":true,"href":"https:\/\/grupodisal.com.ar\/en\/wp-json\/wp\/v2\/comments?post=1626"}],"version-history":[{"count":19,"href":"https:\/\/grupodisal.com.ar\/en\/wp-json\/wp\/v2\/pages\/1626\/revisions"}],"predecessor-version":[{"id":1811,"href":"https:\/\/grupodisal.com.ar\/en\/wp-json\/wp\/v2\/pages\/1626\/revisions\/1811"}],"wp:attachment":[{"href":"https:\/\/grupodisal.com.ar\/en\/wp-json\/wp\/v2\/media?parent=1626"}],"curies":[{"name":"wp","href":"https:\/\/api.w.org\/{rel}","templated":true}]}}