{"id":1618,"date":"2024-05-31T16:17:00","date_gmt":"2024-05-31T19:17:00","guid":{"rendered":"https:\/\/grupodisal.com.ar\/?page_id=1618"},"modified":"2024-07-08T12:36:54","modified_gmt":"2024-07-08T15:36:54","slug":"pinturas-decorativas","status":"publish","type":"page","link":"https:\/\/grupodisal.com.ar\/en\/pinturas-decorativas\/","title":{"rendered":"Decorative Paintings"},"content":{"rendered":"<div data-elementor-type=\"wp-page\" data-elementor-id=\"1618\" class=\"elementor elementor-1618\">\n\t\t\t\t\t\t<section class=\"elementor-section elementor-top-section elementor-element elementor-element-7c89838d elementor-section-stretched elementor-section-height-min-height elementor-section-boxed elementor-section-height-default elementor-section-items-middle\" data-id=\"7c89838d\" data-element_type=\"section\" data-e-type=\"section\" data-settings=\"{&quot;stretch_section&quot;:&quot;section-stretched&quot;,&quot;background_background&quot;:&quot;classic&quot;}\">\n\t\t\t\t\t\t\t<div class=\"elementor-background-overlay\"><\/div>\n\t\t\t\t\t\t\t<div class=\"elementor-container elementor-column-gap-default\">\n\t\t\t\t\t<div class=\"aux-parallax-section elementor-column elementor-col-100 elementor-top-column elementor-element elementor-element-1ed9400\" data-id=\"1ed9400\" data-element_type=\"column\" data-e-type=\"column\">\n\t\t\t<div class=\"elementor-widget-wrap elementor-element-populated\">\n\t\t\t\t\t\t<div class=\"elementor-element elementor-element-72c0ae43 aux-appear-watch-animation aux-fade-in-up elementor-widget elementor-widget-aux_modern_heading\" data-id=\"72c0ae43\" data-element_type=\"widget\" data-e-type=\"widget\" data-widget_type=\"aux_modern_heading.default\">\n\t\t\t\t<div class=\"elementor-widget-container\">\n\t\t\t\t\t<section class=\"aux-widget-modern-heading\">\n            <div class=\"aux-widget-inner\"><h2 class=\"aux-modern-heading-primary\"><\/h2><h3 class=\"aux-modern-heading-secondary\"><span class=\"aux-head-before\">Pinturas decorativas<\/span><\/h3><div class=\"aux-modern-heading-divider\"><\/div><\/div>\n        <\/section>\t\t\t\t<\/div>\n\t\t\t\t<\/div>\n\t\t\t\t\t<\/div>\n\t\t<\/div>\n\t\t\t\t\t<\/div>\n\t\t<\/section>\n\t\t\t\t<section class=\"elementor-section elementor-top-section elementor-element elementor-element-14b67448 elementor-section-stretched elementor-section-boxed elementor-section-height-default elementor-section-height-default\" data-id=\"14b67448\" data-element_type=\"section\" data-e-type=\"section\" data-settings=\"{&quot;stretch_section&quot;:&quot;section-stretched&quot;}\">\n\t\t\t\t\t\t<div class=\"elementor-container elementor-column-gap-default\">\n\t\t\t\t\t<div class=\"aux-parallax-section elementor-column elementor-col-50 elementor-top-column elementor-element elementor-element-3fd2bef\" data-id=\"3fd2bef\" data-element_type=\"column\" data-e-type=\"column\">\n\t\t\t<div class=\"elementor-widget-wrap elementor-element-populated\">\n\t\t\t\t\t\t<div class=\"elementor-element elementor-element-b9af32a elementor-widget elementor-widget-image\" data-id=\"b9af32a\" data-element_type=\"widget\" data-e-type=\"widget\" data-widget_type=\"image.default\">\n\t\t\t\t<div class=\"elementor-widget-container\">\n\t\t\t\t\t\t\t\t\t\t\t\t\t\t\t<img fetchpriority=\"high\" decoding=\"async\" width=\"1164\" height=\"995\" src=\"https:\/\/grupodisal.com.ar\/wp-content\/uploads\/2023\/12\/Negocios-Pinturas-Decorativas-2-2.jpg\" class=\"attachment-full size-full wp-image-1200\" alt=\"\" srcset=\"https:\/\/grupodisal.com.ar\/wp-content\/uploads\/2023\/12\/Negocios-Pinturas-Decorativas-2-2.jpg 1164w, https:\/\/grupodisal.com.ar\/wp-content\/uploads\/2023\/12\/Negocios-Pinturas-Decorativas-2-2-200x171.jpg 200w\" sizes=\"(max-width: 1164px) 100vw, 1164px\" \/>\t\t\t\t\t\t\t\t\t\t\t\t\t\t\t<\/div>\n\t\t\t\t<\/div>\n\t\t\t\t\t<\/div>\n\t\t<\/div>\n\t\t\t\t<div class=\"aux-parallax-section elementor-column elementor-col-50 elementor-top-column elementor-element elementor-element-79aa078\" data-id=\"79aa078\" data-element_type=\"column\" data-e-type=\"column\">\n\t\t\t<div class=\"elementor-widget-wrap elementor-element-populated\">\n\t\t\t\t\t\t<div class=\"elementor-element elementor-element-cd3b963 aux-appear-watch-animation aux-fade-in-up elementor-widget elementor-widget-aux_modern_heading\" data-id=\"cd3b963\" data-element_type=\"widget\" data-e-type=\"widget\" data-widget_type=\"aux_modern_heading.default\">\n\t\t\t\t<div class=\"elementor-widget-container\">\n\t\t\t\t\t<section class=\"aux-widget-modern-heading\">\n            <div class=\"aux-widget-inner\"><h2 class=\"aux-modern-heading-primary\"><\/h2><h3 class=\"aux-modern-heading-secondary\"><span class=\"aux-head-before\">Our paintings<\/span><\/h3><div class=\"aux-modern-heading-divider\"><\/div><\/div>\n        <\/section>\t\t\t\t<\/div>\n\t\t\t\t<\/div>\n\t\t\t\t<div class=\"elementor-element elementor-element-6d5e1bf0 elementor-widget elementor-widget-text-editor\" data-id=\"6d5e1bf0\" data-element_type=\"widget\" data-e-type=\"widget\" data-widget_type=\"text-editor.default\">\n\t\t\t\t<div class=\"elementor-widget-container\">\n\t\t\t\t\t\t\t\t\t<p style=\"text-align: left;\">La Unidad de Negocio de Pinturas Decorativas es una divisi\u00f3n especializada que se enfoca en la fabricaci\u00f3n y distribuci\u00f3n de una amplia variedad de recubrimientos de alta calidad dise\u00f1ados espec\u00edficamente para la protecci\u00f3n, mantenimiento y decoraci\u00f3n de espacios interiores y exteriores. A trav\u00e9s de esta unidad de negocios brindamos soluciones innovadoras y de alto desempe\u00f1o para profesionales de la Arquitectura, la Construcci\u00f3n y para todos los interesados en el cuidado de sus espacios.<\/p>\t\t\t\t\t\t\t\t<\/div>\n\t\t\t\t<\/div>\n\t\t\t\t<div class=\"elementor-element elementor-element-045ee49 elementor-widget elementor-widget-text-editor\" data-id=\"045ee49\" data-element_type=\"widget\" data-e-type=\"widget\" data-widget_type=\"text-editor.default\">\n\t\t\t\t<div class=\"elementor-widget-container\">\n\t\t\t\t\t\t\t\t\t<p style=\"text-align: left;\">We\u00a0<strong>excel<\/strong>\u00a0in providing innovative solutions adapted to each need.<\/p><p style=\"text-align: left;\">Our technical support is present nationwide, to accompany our clients' business opportunities and consumer projects. In addition, we offer complementary services that position us as one of the main references in the industry.<\/p>\t\t\t\t\t\t\t\t<\/div>\n\t\t\t\t<\/div>\n\t\t\t\t\t<\/div>\n\t\t<\/div>\n\t\t\t\t\t<\/div>\n\t\t<\/section>\n\t\t\t\t<section class=\"elementor-section elementor-top-section elementor-element elementor-element-539068e elementor-section-stretched elementor-section-boxed elementor-section-height-default elementor-section-height-default\" data-id=\"539068e\" data-element_type=\"section\" data-e-type=\"section\" data-settings=\"{&quot;stretch_section&quot;:&quot;section-stretched&quot;}\">\n\t\t\t\t\t\t<div class=\"elementor-container elementor-column-gap-default\">\n\t\t\t\t\t<div class=\"aux-parallax-section elementor-column elementor-col-50 elementor-top-column elementor-element elementor-element-25a633b\" data-id=\"25a633b\" data-element_type=\"column\" data-e-type=\"column\">\n\t\t\t<div class=\"elementor-widget-wrap elementor-element-populated\">\n\t\t\t\t\t\t<div class=\"elementor-element elementor-element-c0eb216 elementor-widget elementor-widget-image\" data-id=\"c0eb216\" data-element_type=\"widget\" data-e-type=\"widget\" data-widget_type=\"image.default\">\n\t\t\t\t<div class=\"elementor-widget-container\">\n\t\t\t\t\t\t\t\t\t\t\t\t\t\t\t<img decoding=\"async\" width=\"800\" height=\"533\" src=\"https:\/\/grupodisal.com.ar\/wp-content\/uploads\/2024\/07\/NATURAL-3-scaled-e1720452812422.jpg\" class=\"attachment-full size-full wp-image-1865\" alt=\"\" \/>\t\t\t\t\t\t\t\t\t\t\t\t\t\t\t<\/div>\n\t\t\t\t<\/div>\n\t\t\t\t\t<\/div>\n\t\t<\/div>\n\t\t\t\t<div class=\"aux-parallax-section elementor-column elementor-col-50 elementor-top-column elementor-element elementor-element-f6dcb22\" data-id=\"f6dcb22\" data-element_type=\"column\" data-e-type=\"column\">\n\t\t\t<div class=\"elementor-widget-wrap elementor-element-populated\">\n\t\t\t\t\t\t<div class=\"elementor-element elementor-element-f9685a3 elementor-widget elementor-widget-text-editor\" data-id=\"f9685a3\" data-element_type=\"widget\" data-e-type=\"widget\" data-widget_type=\"text-editor.default\">\n\t\t\t\t<div class=\"elementor-widget-container\">\n\t\t\t\t\t\t\t\t\t<p style=\"text-align: left;\">Our<b>\u00a0clients<\/b>\u00a0are our main partners and we make sure to be close to them and their needs, offering not only a complete portfolio of products and brands, but also the best service and value proposition on the market.<\/p><p style=\"text-align: left;\">Our\u00a0<strong>consumers<\/strong>\u00a0seek products and services of excellence to protect and beautify their projects and environments. They trust our products for their quality and variety, in addition to the pre- and post-sales service, they find innovative solutions to transform their spaces into more attractive, safe and efficient places.<\/p><p style=\"text-align: left;\">Our Decorative Paints Business Unit is dedicated to providing\u00a0<strong>products<\/strong>\u00a0and services that beautify homes, businesses and architectural projects, providing innovation, durability and aesthetic quality through our experience and commitment to excellence.<\/p>\t\t\t\t\t\t\t\t<\/div>\n\t\t\t\t<\/div>\n\t\t\t\t\t<\/div>\n\t\t<\/div>\n\t\t\t\t\t<\/div>\n\t\t<\/section>\n\t\t\t\t<\/div>","protected":false},"excerpt":{"rendered":"<p>Pinturas decorativas Nuestras pinturas La Unidad de Negocio de Pinturas Decorativas es una divisi\u00f3n especializada que se enfoca en la fabricaci\u00f3n y distribuci\u00f3n de una amplia variedad de recubrimientos de alta calidad dise\u00f1ados espec\u00edficamente para la protecci\u00f3n, mantenimiento y decoraci\u00f3n de espacios interiores y exteriores. A trav\u00e9s de esta unidad de negocios brindamos soluciones innovadoras [&hellip;]<\/p>\n","protected":false},"author":3,"featured_media":0,"parent":0,"menu_order":0,"comment_status":"closed","ping_status":"closed","template":"","meta":{"footnotes":""},"class_list":["post-1618","page","type-page","status-publish","hentry"],"yoast_head":"<!-- This site is optimized with the Yoast SEO plugin v27.5 - https:\/\/yoast.com\/product\/yoast-seo-wordpress\/ -->\n<title>Pinturas Decorativas - Grupo Disal<\/title>\n<meta name=\"robots\" content=\"index, follow, max-snippet:-1, max-image-preview:large, max-video-preview:-1\" \/>\n<link rel=\"canonical\" href=\"https:\/\/grupodisal.com.ar\/en\/pinturas-decorativas\/\" \/>\n<meta property=\"og:locale\" content=\"en_US\" \/>\n<meta property=\"og:type\" content=\"article\" \/>\n<meta property=\"og:title\" content=\"Pinturas Decorativas - Grupo Disal\" \/>\n<meta property=\"og:description\" content=\"Pinturas decorativas Nuestras pinturas La Unidad de Negocio de Pinturas Decorativas es una divisi\u00f3n especializada que se enfoca en la fabricaci\u00f3n y distribuci\u00f3n de una amplia variedad de recubrimientos de alta calidad dise\u00f1ados espec\u00edficamente para la protecci\u00f3n, mantenimiento y decoraci\u00f3n de espacios interiores y exteriores. A trav\u00e9s de esta unidad de negocios brindamos soluciones innovadoras [&hellip;]\" \/>\n<meta property=\"og:url\" content=\"https:\/\/grupodisal.com.ar\/en\/pinturas-decorativas\/\" \/>\n<meta property=\"og:site_name\" content=\"Grupo Disal\" \/>\n<meta property=\"article:modified_time\" content=\"2024-07-08T15:36:54+00:00\" \/>\n<meta property=\"og:image\" content=\"https:\/\/grupodisal.com.ar\/wp-content\/uploads\/2023\/12\/Negocios-Pinturas-Decorativas-2-2.jpg\" \/>\n<meta name=\"twitter:card\" content=\"summary_large_image\" \/>\n<meta name=\"twitter:label1\" content=\"Est. reading time\" \/>\n\t<meta name=\"twitter:data1\" content=\"2 minutes\" \/>\n<script type=\"application\/ld+json\" class=\"yoast-schema-graph\">{\"@context\":\"https:\\\/\\\/schema.org\",\"@graph\":[{\"@type\":\"WebPage\",\"@id\":\"https:\\\/\\\/grupodisal.com.ar\\\/pinturas-decorativas\\\/\",\"url\":\"https:\\\/\\\/grupodisal.com.ar\\\/pinturas-decorativas\\\/\",\"name\":\"Pinturas Decorativas - Grupo Disal\",\"isPartOf\":{\"@id\":\"https:\\\/\\\/grupodisal.com.ar\\\/#website\"},\"primaryImageOfPage\":{\"@id\":\"https:\\\/\\\/grupodisal.com.ar\\\/pinturas-decorativas\\\/#primaryimage\"},\"image\":{\"@id\":\"https:\\\/\\\/grupodisal.com.ar\\\/pinturas-decorativas\\\/#primaryimage\"},\"thumbnailUrl\":\"https:\\\/\\\/grupodisal.com.ar\\\/wp-content\\\/uploads\\\/2023\\\/12\\\/Negocios-Pinturas-Decorativas-2-2.jpg\",\"datePublished\":\"2024-05-31T19:17:00+00:00\",\"dateModified\":\"2024-07-08T15:36:54+00:00\",\"breadcrumb\":{\"@id\":\"https:\\\/\\\/grupodisal.com.ar\\\/pinturas-decorativas\\\/#breadcrumb\"},\"inLanguage\":\"en-US\",\"potentialAction\":[{\"@type\":\"ReadAction\",\"target\":[\"https:\\\/\\\/grupodisal.com.ar\\\/pinturas-decorativas\\\/\"]}]},{\"@type\":\"ImageObject\",\"inLanguage\":\"en-US\",\"@id\":\"https:\\\/\\\/grupodisal.com.ar\\\/pinturas-decorativas\\\/#primaryimage\",\"url\":\"https:\\\/\\\/grupodisal.com.ar\\\/wp-content\\\/uploads\\\/2023\\\/12\\\/Negocios-Pinturas-Decorativas-2-2.jpg\",\"contentUrl\":\"https:\\\/\\\/grupodisal.com.ar\\\/wp-content\\\/uploads\\\/2023\\\/12\\\/Negocios-Pinturas-Decorativas-2-2.jpg\"},{\"@type\":\"BreadcrumbList\",\"@id\":\"https:\\\/\\\/grupodisal.com.ar\\\/pinturas-decorativas\\\/#breadcrumb\",\"itemListElement\":[{\"@type\":\"ListItem\",\"position\":1,\"name\":\"Portada\",\"item\":\"https:\\\/\\\/grupodisal.com.ar\\\/\"},{\"@type\":\"ListItem\",\"position\":2,\"name\":\"Pinturas Decorativas\"}]},{\"@type\":\"WebSite\",\"@id\":\"https:\\\/\\\/grupodisal.com.ar\\\/#website\",\"url\":\"https:\\\/\\\/grupodisal.com.ar\\\/\",\"name\":\"Grupo Disal\",\"description\":\"\",\"publisher\":{\"@id\":\"https:\\\/\\\/grupodisal.com.ar\\\/#organization\"},\"potentialAction\":[{\"@type\":\"SearchAction\",\"target\":{\"@type\":\"EntryPoint\",\"urlTemplate\":\"https:\\\/\\\/grupodisal.com.ar\\\/?s={search_term_string}\"},\"query-input\":{\"@type\":\"PropertyValueSpecification\",\"valueRequired\":true,\"valueName\":\"search_term_string\"}}],\"inLanguage\":\"en-US\"},{\"@type\":\"Organization\",\"@id\":\"https:\\\/\\\/grupodisal.com.ar\\\/#organization\",\"name\":\"Grupo Disal\",\"url\":\"https:\\\/\\\/grupodisal.com.ar\\\/\",\"logo\":{\"@type\":\"ImageObject\",\"inLanguage\":\"en-US\",\"@id\":\"https:\\\/\\\/grupodisal.com.ar\\\/#\\\/schema\\\/logo\\\/image\\\/\",\"url\":\"https:\\\/\\\/grupodisal.com.ar\\\/wp-content\\\/uploads\\\/2023\\\/11\\\/cropped-favicon-01.jpg\",\"contentUrl\":\"https:\\\/\\\/grupodisal.com.ar\\\/wp-content\\\/uploads\\\/2023\\\/11\\\/cropped-favicon-01.jpg\",\"width\":512,\"height\":512,\"caption\":\"Grupo Disal\"},\"image\":{\"@id\":\"https:\\\/\\\/grupodisal.com.ar\\\/#\\\/schema\\\/logo\\\/image\\\/\"}}]}<\/script>\n<!-- \/ Yoast SEO plugin. -->","yoast_head_json":{"title":"Pinturas Decorativas - Grupo Disal","robots":{"index":"index","follow":"follow","max-snippet":"max-snippet:-1","max-image-preview":"max-image-preview:large","max-video-preview":"max-video-preview:-1"},"canonical":"https:\/\/grupodisal.com.ar\/en\/pinturas-decorativas\/","og_locale":"en_US","og_type":"article","og_title":"Pinturas Decorativas - Grupo Disal","og_description":"Pinturas decorativas Nuestras pinturas La Unidad de Negocio de Pinturas Decorativas es una divisi\u00f3n especializada que se enfoca en la fabricaci\u00f3n y distribuci\u00f3n de una amplia variedad de recubrimientos de alta calidad dise\u00f1ados espec\u00edficamente para la protecci\u00f3n, mantenimiento y decoraci\u00f3n de espacios interiores y exteriores. A trav\u00e9s de esta unidad de negocios brindamos soluciones innovadoras [&hellip;]","og_url":"https:\/\/grupodisal.com.ar\/en\/pinturas-decorativas\/","og_site_name":"Grupo Disal","article_modified_time":"2024-07-08T15:36:54+00:00","og_image":[{"url":"https:\/\/grupodisal.com.ar\/wp-content\/uploads\/2023\/12\/Negocios-Pinturas-Decorativas-2-2.jpg","type":"","width":"","height":""}],"twitter_card":"summary_large_image","twitter_misc":{"Est. reading time":"2 minutes"},"schema":{"@context":"https:\/\/schema.org","@graph":[{"@type":"WebPage","@id":"https:\/\/grupodisal.com.ar\/pinturas-decorativas\/","url":"https:\/\/grupodisal.com.ar\/pinturas-decorativas\/","name":"Pinturas Decorativas - Grupo Disal","isPartOf":{"@id":"https:\/\/grupodisal.com.ar\/#website"},"primaryImageOfPage":{"@id":"https:\/\/grupodisal.com.ar\/pinturas-decorativas\/#primaryimage"},"image":{"@id":"https:\/\/grupodisal.com.ar\/pinturas-decorativas\/#primaryimage"},"thumbnailUrl":"https:\/\/grupodisal.com.ar\/wp-content\/uploads\/2023\/12\/Negocios-Pinturas-Decorativas-2-2.jpg","datePublished":"2024-05-31T19:17:00+00:00","dateModified":"2024-07-08T15:36:54+00:00","breadcrumb":{"@id":"https:\/\/grupodisal.com.ar\/pinturas-decorativas\/#breadcrumb"},"inLanguage":"en-US","potentialAction":[{"@type":"ReadAction","target":["https:\/\/grupodisal.com.ar\/pinturas-decorativas\/"]}]},{"@type":"ImageObject","inLanguage":"en-US","@id":"https:\/\/grupodisal.com.ar\/pinturas-decorativas\/#primaryimage","url":"https:\/\/grupodisal.com.ar\/wp-content\/uploads\/2023\/12\/Negocios-Pinturas-Decorativas-2-2.jpg","contentUrl":"https:\/\/grupodisal.com.ar\/wp-content\/uploads\/2023\/12\/Negocios-Pinturas-Decorativas-2-2.jpg"},{"@type":"BreadcrumbList","@id":"https:\/\/grupodisal.com.ar\/pinturas-decorativas\/#breadcrumb","itemListElement":[{"@type":"ListItem","position":1,"name":"Portada","item":"https:\/\/grupodisal.com.ar\/"},{"@type":"ListItem","position":2,"name":"Pinturas Decorativas"}]},{"@type":"WebSite","@id":"https:\/\/grupodisal.com.ar\/#website","url":"https:\/\/grupodisal.com.ar\/","name":"Grupo Disal","description":"","publisher":{"@id":"https:\/\/grupodisal.com.ar\/#organization"},"potentialAction":[{"@type":"SearchAction","target":{"@type":"EntryPoint","urlTemplate":"https:\/\/grupodisal.com.ar\/?s={search_term_string}"},"query-input":{"@type":"PropertyValueSpecification","valueRequired":true,"valueName":"search_term_string"}}],"inLanguage":"en-US"},{"@type":"Organization","@id":"https:\/\/grupodisal.com.ar\/#organization","name":"Grupo Disal","url":"https:\/\/grupodisal.com.ar\/","logo":{"@type":"ImageObject","inLanguage":"en-US","@id":"https:\/\/grupodisal.com.ar\/#\/schema\/logo\/image\/","url":"https:\/\/grupodisal.com.ar\/wp-content\/uploads\/2023\/11\/cropped-favicon-01.jpg","contentUrl":"https:\/\/grupodisal.com.ar\/wp-content\/uploads\/2023\/11\/cropped-favicon-01.jpg","width":512,"height":512,"caption":"Grupo Disal"},"image":{"@id":"https:\/\/grupodisal.com.ar\/#\/schema\/logo\/image\/"}}]}},"_links":{"self":[{"href":"https:\/\/grupodisal.com.ar\/en\/wp-json\/wp\/v2\/pages\/1618","targetHints":{"allow":["GET"]}}],"collection":[{"href":"https:\/\/grupodisal.com.ar\/en\/wp-json\/wp\/v2\/pages"}],"about":[{"href":"https:\/\/grupodisal.com.ar\/en\/wp-json\/wp\/v2\/types\/page"}],"author":[{"embeddable":true,"href":"https:\/\/grupodisal.com.ar\/en\/wp-json\/wp\/v2\/users\/3"}],"replies":[{"embeddable":true,"href":"https:\/\/grupodisal.com.ar\/en\/wp-json\/wp\/v2\/comments?post=1618"}],"version-history":[{"count":16,"href":"https:\/\/grupodisal.com.ar\/en\/wp-json\/wp\/v2\/pages\/1618\/revisions"}],"predecessor-version":[{"id":1875,"href":"https:\/\/grupodisal.com.ar\/en\/wp-json\/wp\/v2\/pages\/1618\/revisions\/1875"}],"wp:attachment":[{"href":"https:\/\/grupodisal.com.ar\/en\/wp-json\/wp\/v2\/media?parent=1618"}],"curies":[{"name":"wp","href":"https:\/\/api.w.org\/{rel}","templated":true}]}}